{"id":4577,"date":"2022-09-01T10:34:24","date_gmt":"2022-09-01T10:34:24","guid":{"rendered":"https:\/\/ecovent.com.mk\/?post_type=product&#038;p=4577"},"modified":"2023-10-20T08:20:45","modified_gmt":"2023-10-20T08:20:45","slug":"daikin-altherma-3-r-w-ehbx-e6v-e9w-erga-evh","status":"publish","type":"product","link":"https:\/\/ecovent.com.mk\/sq\/produkt\/daikin-altherma-3-r-w-ehbx-e6v-e9w-erga-evh\/","title":{"rendered":"DAIKIN ALTHERMA 3 R W EHBX-E6V\/E9W + ERGA-EV(H)"},"content":{"rendered":"<p>&nbsp;<\/p>\n<table class=\"table-prod-description\" style=\"text-align: left; border: 0; border-width: 0;\" width=\"985\">\n<caption>KATEGORIT\u00cb: Ngrohje &amp; Ftohje DAIKIN ALTHERMA 3\u00a0 R W<\/caption>\n<thead>\n<tr>\n<td scope=\"col\"><img decoding=\"async\" class=\"alignnone wp-image-1566\" src=\"https:\/\/ecovent.com.mk\/wp-content\/uploads\/2022\/06\/PICTO-1.png\" alt=\"\" width=\"55\" height=\"55\" \/><\/td>\n<td><strong>Aplikacioni Onecta (opsional)<\/strong><\/p>\n<p>Kontrolloni klim\u00ebn tuaj t\u00eb brendshme nga \u00e7do vendndodhje p\u00ebrmes smartfonit ose tabletit<\/td>\n<\/tr>\n<\/thead>\n<tbody>\n<tr>\n<td><img decoding=\"async\" class=\"alignnone wp-image-2512\" src=\"https:\/\/ecovent.com.mk\/wp-content\/uploads\/2022\/08\/Asset-65@300x.png\" alt=\"\" width=\"55\" height=\"55\" srcset=\"https:\/\/ecovent.com.mk\/wp-content\/uploads\/2022\/08\/Asset-65@300x.png 188w, https:\/\/ecovent.com.mk\/wp-content\/uploads\/2022\/08\/Asset-65@300x-150x150.png 150w, https:\/\/ecovent.com.mk\/wp-content\/uploads\/2022\/08\/Asset-65@300x-100x100.png 100w\" sizes=\"(max-width: 55px) 100vw, 55px\" \/><\/td>\n<td><strong>Funksionimi i garantuar deri n\u00eb -25\u00b0C<\/strong><br \/>\nNj\u00ebsit\u00eb Daikin jan\u00eb t\u00eb p\u00ebrshtatshme p\u00ebr t\u00eb gjitha klimat, edhe n\u00eb kushte t\u00eb ashpra dimri me nj\u00eb<br \/>\nwith an operation range down to -25\u00b0C<\/td>\n<\/tr>\n<tr>\n<td><img decoding=\"async\" class=\"alignnone wp-image-2564\" src=\"https:\/\/ecovent.com.mk\/wp-content\/uploads\/2022\/08\/Asset-76@300x.png\" alt=\"\" width=\"55\" height=\"55\" srcset=\"https:\/\/ecovent.com.mk\/wp-content\/uploads\/2022\/08\/Asset-76@300x.png 185w, https:\/\/ecovent.com.mk\/wp-content\/uploads\/2022\/08\/Asset-76@300x-150x150.png 150w, https:\/\/ecovent.com.mk\/wp-content\/uploads\/2022\/08\/Asset-76@300x-100x100.png 100w\" sizes=\"(max-width: 55px) 100vw, 55px\" \/><\/td>\n<td><strong>Kontrolli i z\u00ebrit<\/strong><br \/>\nKontrolloni nj\u00ebsin\u00eb tuaj me z\u00ebrin tuaj<\/td>\n<\/tr>\n<tr>\n<td><\/td>\n<td><\/td>\n<\/tr>\n<tr>\n<td><\/td>\n<td><\/td>\n<\/tr>\n<tr>\n<td><\/td>\n<td><\/td>\n<\/tr>\n<\/tbody>\n<\/table>","protected":false},"excerpt":{"rendered":"<p>Price is with 18% VAT<\/p>\n<p>*The prices of the product does not include installation services and additional upgrade elements<\/p>\n<p><span style=\"color: #93c000;\">*<\/span> <span style=\"color: #93c500;\">The prices includes 180l capacity of the back-up heater<\/span><\/p>\n<p><img loading=\"lazy\" decoding=\"async\" class=\"alignleft wp-image-4511\" src=\"https:\/\/ecovent.com.mk\/wp-content\/uploads\/2022\/08\/Asset-1-4-300x97.png\" alt=\"\" width=\"200\" height=\"65\" srcset=\"https:\/\/ecovent.com.mk\/wp-content\/uploads\/2022\/08\/Asset-1-4-300x97.png 300w, https:\/\/ecovent.com.mk\/wp-content\/uploads\/2022\/08\/Asset-1-4-768x250.png 768w, https:\/\/ecovent.com.mk\/wp-content\/uploads\/2022\/08\/Asset-1-4-600x195.png 600w, https:\/\/ecovent.com.mk\/wp-content\/uploads\/2022\/08\/Asset-1-4.png 1025w\" sizes=\"(max-width: 200px) 100vw, 200px\" \/><\/p>\n<p>&nbsp;<\/p>\n<p>&nbsp;<\/p>\n<h2><\/h2>\n<p><img loading=\"lazy\" decoding=\"async\" class=\"alignleft wp-image-2518\" src=\"https:\/\/ecovent.com.mk\/wp-content\/uploads\/2022\/08\/Asset-78@300x-300x27.png\" alt=\"\" width=\"200\" height=\"18\" srcset=\"https:\/\/ecovent.com.mk\/wp-content\/uploads\/2022\/08\/Asset-78@300x-300x27.png 300w, https:\/\/ecovent.com.mk\/wp-content\/uploads\/2022\/08\/Asset-78@300x-1024x92.png 1024w, https:\/\/ecovent.com.mk\/wp-content\/uploads\/2022\/08\/Asset-78@300x-768x69.png 768w, https:\/\/ecovent.com.mk\/wp-content\/uploads\/2022\/08\/Asset-78@300x-600x54.png 600w, https:\/\/ecovent.com.mk\/wp-content\/uploads\/2022\/08\/Asset-78@300x.png 1277w\" sizes=\"(max-width: 200px) 100vw, 200px\" \/><\/p>\n<h2><\/h2>\n<p>&nbsp;<\/p>\n<h2><strong><span style=\"color: #99cc00;\">MAKE AN APPOINTMENT WITH SALES ENGINEERS:<\/span><\/strong><\/h2>\n<div class=\"wpforms-container \" id=\"wpforms-5489\">\n<form id=\"wpforms-form-5489\" class=\"wpforms-validate wpforms-form\" data-formid=\"5489\" method=\"post\" enctype=\"multipart\/form-data\" action=\"\/sq\/wp-json\/wp\/v2\/product\/4577\" data-token=\"26c2e2ec3cab37b72595b592525ce5c7\" data-token-time=\"1776421533\"><noscript class=\"wpforms-error-noscript\">Please enable JavaScript in your browser to complete this form.<\/noscript><\/p>\n<div class=\"wpforms-field-container\">\n<div id=\"wpforms-5489-field_6-container\" class=\"wpforms-field wpforms-field-name\" data-field-id=\"6\"><label class=\"wpforms-field-label\">Name <span class=\"wpforms-required-label\">*<\/span><\/label><\/p>\n<div class=\"wpforms-field-row wpforms-field-medium\">\n<div class=\"wpforms-field-row-block wpforms-first wpforms-one-half\"><input type=\"text\" id=\"wpforms-5489-field_6\" class=\"wpforms-field-name-first wpforms-field-required\" name=\"wpforms[fields][6][first]\" required><label for=\"wpforms-5489-field_6\" class=\"wpforms-field-sublabel after\">First<\/label><\/div>\n<div class=\"wpforms-field-row-block wpforms-one-half\"><input type=\"text\" id=\"wpforms-5489-field_6-last\" class=\"wpforms-field-name-last wpforms-field-required\" name=\"wpforms[fields][6][last]\" required><label for=\"wpforms-5489-field_6-last\" class=\"wpforms-field-sublabel after\">Last<\/label><\/div>\n<\/div>\n<\/div>\n<div id=\"wpforms-5489-field_4-container\" class=\"wpforms-field wpforms-field-text\" data-field-id=\"4\"><label class=\"wpforms-field-label\" for=\"wpforms-5489-field_4\">Phone <span class=\"wpforms-required-label\">*<\/span><\/label><input type=\"text\" id=\"wpforms-5489-field_4\" class=\"wpforms-field-large wpforms-field-required\" name=\"wpforms[fields][4]\" required><\/div>\n<div id=\"wpforms-5489-field_1-container\" class=\"wpforms-field wpforms-field-email\" data-field-id=\"1\"><label class=\"wpforms-field-label\" for=\"wpforms-5489-field_1\">Email Address <span class=\"wpforms-required-label\">*<\/span><\/label><input type=\"email\" id=\"wpforms-5489-field_1\" class=\"wpforms-field-large wpforms-field-required\" name=\"wpforms[fields][1]\" spellcheck=\"false\" required><\/div>\n<div id=\"wpforms-5489-field_2-container\" class=\"wpforms-field wpforms-field-textarea\" data-field-id=\"2\"><label class=\"wpforms-field-label\" for=\"wpforms-5489-field_2\">Your Message <span class=\"wpforms-required-label\">*<\/span><\/label><textarea id=\"wpforms-5489-field_2\" class=\"wpforms-field-medium wpforms-field-required\" name=\"wpforms[fields][2]\" required><\/textarea><\/div>\n<\/div>\n<p><!-- .wpforms-field-container --><br \/>\n\t\t\t<script>\n\t\t\tif ( typeof huOptions !== 'undefined' ) {\n\t\t\t\tvar huFormData = {\"source\":\"wpforms\",\"id\":5489,\"title\":\"Simple Contact Form (ID #5489)\",\"fields\":{\"subject\":{\"first_name\":\"\",\"last_name\":\"\"}}};\n\t\t\t\tvar huFormNode = document.querySelector( '[id=\"wpforms-5489\"] form' );<\/p>\n<p>\t\t\t\tvar firstName = huFormNode.querySelector( 'input.wpforms-field-name-first' );\n\t\t\t\tvar lastName = huFormNode.querySelector( 'input.wpforms-field-name-last' );<\/p>\n<p>\t\t\t\tif ( firstName )\n\t\t\t\t\thuFormData['fields']['subject']['first_name'] = firstName.getAttribute( 'name' );<\/p>\n<p>\t\t\t\tif ( lastName )\n\t\t\t\t\thuFormData['fields']['subject']['last_name'] = lastName.getAttribute( 'name' );<\/p>\n<p>\t\t\t\thuFormData['node'] = huFormNode;\n\t\t\t\thuOptions['forms'].push( huFormData );\n\t\t\t}\n\t\t\t<\/script><\/p>\n<div class=\"wpforms-submit-container\" ><input type=\"hidden\" name=\"wpforms[id]\" value=\"5489\"><input type=\"hidden\" name=\"page_title\" value=\"\"><input type=\"hidden\" name=\"page_url\" value=\"https:\/\/ecovent.com.mk\/sq\/wp-json\/wp\/v2\/product\/4577\"><input type=\"hidden\" name=\"url_referer\" value=\"\"><button type=\"submit\" name=\"wpforms[submit]\" id=\"wpforms-submit-5489\" class=\"wpforms-submit\" data-alt-text=\"Sending...\" data-submit-text=\"Send Message\" aria-live=\"assertive\" value=\"wpforms-submit\">Send Message<\/button><\/div>\n<\/form>\n<\/div>\n<p>  <!-- .wpforms-container --><\/p>\n","protected":false},"featured_media":4596,"comment_status":"open","ping_status":"closed","template":"","meta":[],"product_brand":[],"product_cat":[64],"product_tag":[],"class_list":{"0":"post-4577","1":"product","2":"type-product","3":"status-publish","4":"has-post-thumbnail","6":"product_cat-heating-and-cooling","8":"first","9":"instock","10":"shipping-taxable","11":"purchasable","12":"product-type-variable"},"_links":{"self":[{"href":"https:\/\/ecovent.com.mk\/sq\/wp-json\/wp\/v2\/product\/4577","targetHints":{"allow":["GET"]}}],"collection":[{"href":"https:\/\/ecovent.com.mk\/sq\/wp-json\/wp\/v2\/product"}],"about":[{"href":"https:\/\/ecovent.com.mk\/sq\/wp-json\/wp\/v2\/types\/product"}],"replies":[{"embeddable":true,"href":"https:\/\/ecovent.com.mk\/sq\/wp-json\/wp\/v2\/comments?post=4577"}],"wp:featuredmedia":[{"embeddable":true,"href":"https:\/\/ecovent.com.mk\/sq\/wp-json\/wp\/v2\/media\/4596"}],"wp:attachment":[{"href":"https:\/\/ecovent.com.mk\/sq\/wp-json\/wp\/v2\/media?parent=4577"}],"wp:term":[{"taxonomy":"product_brand","embeddable":true,"href":"https:\/\/ecovent.com.mk\/sq\/wp-json\/wp\/v2\/product_brand?post=4577"},{"taxonomy":"product_cat","embeddable":true,"href":"https:\/\/ecovent.com.mk\/sq\/wp-json\/wp\/v2\/product_cat?post=4577"},{"taxonomy":"product_tag","embeddable":true,"href":"https:\/\/ecovent.com.mk\/sq\/wp-json\/wp\/v2\/product_tag?post=4577"}],"curies":[{"name":"wp","href":"https:\/\/api.w.org\/{rel}","templated":true}]}}