{"id":3637,"date":"2022-08-24T07:33:30","date_gmt":"2022-08-24T07:33:30","guid":{"rendered":"https:\/\/ecovent.com.mk\/?post_type=product&#038;p=3637"},"modified":"2024-01-01T00:18:25","modified_gmt":"2024-01-01T00:18:25","slug":"purifier-mc55w","status":"publish","type":"product","link":"https:\/\/ecovent.com.mk\/sq\/produkt\/purifier-mc55w\/","title":{"rendered":"\u0410IR PURIFIER- MC55W"},"content":{"rendered":"<table class=\"table-prod-description\" style=\"text-align: left; border: 0; border-width: 0;\" width=\"985\">\n<caption>CATEGORIES: AIR PURIFIERS<\/caption>\n<thead>\n<tr>\n<td scope=\"col\"><img decoding=\"async\" class=\"alignnone wp-image-3601\" src=\"https:\/\/ecovent.com.mk\/wp-content\/uploads\/2022\/08\/Asset-625@72x.png\" alt=\"\" width=\"8\" height=\"8\" \/><\/td>\n<td>Effectiveness against respiratory viruses evaluated<br \/>\nnga Institutit Pasteur de Lille<\/td>\n<\/tr>\n<\/thead>\n<tbody>\n<tr>\n<td><img decoding=\"async\" class=\"alignnone wp-image-3601\" src=\"https:\/\/ecovent.com.mk\/wp-content\/uploads\/2022\/08\/Asset-625@72x.png\" alt=\"\" width=\"8\" height=\"8\" \/><\/td>\n<td>Aj\u00ebr i purifikuar fal\u00eb metod\u00ebs s\u00eb Daikin \u201cKap dhe pastro\u201d<br \/>\nn\u00eb dekompozimin e substancave t\u00eb d\u00ebmshme<\/td>\n<\/tr>\n<tr>\n<td><img decoding=\"async\" class=\"alignnone wp-image-3601\" src=\"https:\/\/ecovent.com.mk\/wp-content\/uploads\/2022\/08\/Asset-625@72x.png\" alt=\"\" width=\"8\" height=\"8\" \/><\/td>\n<td>Filt\u00ebr elektrostatik HEPA me perfomanc\u00eb<br \/>\nt\u00eb lart\u00eb q\u00eb nuk bllokohet leht\u00eb, prandaj humbja e presionit \u00ebsht\u00eb e ul\u00ebt<\/td>\n<\/tr>\n<tr>\n<td><img decoding=\"async\" class=\"alignnone wp-image-3601\" src=\"https:\/\/ecovent.com.mk\/wp-content\/uploads\/2022\/08\/Asset-625@72x.png\" alt=\"\" width=\"8\" height=\"8\" \/><\/td>\n<td>Nj\u00eb prej gamave m\u00eb t\u00eb qeta t\u00eb purifikuesve<br \/>\nt\u00eb ajrit n\u00eb tregun evropian<\/td>\n<\/tr>\n<tr>\n<td><img decoding=\"async\" class=\"alignnone wp-image-3601\" src=\"https:\/\/ecovent.com.mk\/wp-content\/uploads\/2022\/08\/Asset-625@72x.png\" alt=\"\" width=\"8\" height=\"8\" \/><\/td>\n<td>Nuk \u00ebsht\u00eb nevoja t\u00eb ndryshohet filtri p\u00ebr dhjet\u00eb vite,<br \/>\nduke rezultuar n\u00eb kosto t\u00eb ul\u00ebta mir\u00ebmbajtjeje<\/td>\n<\/tr>\n<tr>\n<td><img decoding=\"async\" class=\"alignnone wp-image-3601\" src=\"https:\/\/ecovent.com.mk\/wp-content\/uploads\/2022\/08\/Asset-625@72x.png\" alt=\"\" width=\"8\" height=\"8\" \/><\/td>\n<td>Purifikon ajrin n\u00eb dhoma deri n\u00eb 82 m\u00b2, i p\u00ebrkryer<br \/>\np\u00ebr hap\u00ebsira t\u00eb m\u00ebdha banimi<\/td>\n<\/tr>\n<\/tbody>\n<\/table>","protected":false},"excerpt":{"rendered":"<p>\u00c7mimi \u00ebsht\u00eb me 18 % TVSH<\/p>\n<p><img decoding=\"async\" class=\"alignnone size-medium wp-image-2519\" src=\"https:\/\/ecovent.com.mk\/wp-content\/uploads\/2022\/08\/Asset-63@300x-300x70.png\" alt=\"\" width=\"300\" height=\"70\" srcset=\"https:\/\/ecovent.com.mk\/wp-content\/uploads\/2022\/08\/Asset-63@300x-300x70.png 300w, https:\/\/ecovent.com.mk\/wp-content\/uploads\/2022\/08\/Asset-63@300x-1024x238.png 1024w, https:\/\/ecovent.com.mk\/wp-content\/uploads\/2022\/08\/Asset-63@300x-768x178.png 768w, https:\/\/ecovent.com.mk\/wp-content\/uploads\/2022\/08\/Asset-63@300x-600x139.png 600w, https:\/\/ecovent.com.mk\/wp-content\/uploads\/2022\/08\/Asset-63@300x.png 1026w\" sizes=\"(max-width: 300px) 100vw, 300px\" \/><\/p>","protected":false},"featured_media":3666,"comment_status":"open","ping_status":"closed","template":"","meta":[],"product_brand":[],"product_cat":[55],"product_tag":[],"class_list":{"0":"post-3637","1":"product","2":"type-product","3":"status-publish","4":"has-post-thumbnail","6":"product_cat-air-purifiers","8":"first","9":"instock","10":"shipping-taxable","11":"purchasable","12":"product-type-variable"},"_links":{"self":[{"href":"https:\/\/ecovent.com.mk\/sq\/wp-json\/wp\/v2\/product\/3637","targetHints":{"allow":["GET"]}}],"collection":[{"href":"https:\/\/ecovent.com.mk\/sq\/wp-json\/wp\/v2\/product"}],"about":[{"href":"https:\/\/ecovent.com.mk\/sq\/wp-json\/wp\/v2\/types\/product"}],"replies":[{"embeddable":true,"href":"https:\/\/ecovent.com.mk\/sq\/wp-json\/wp\/v2\/comments?post=3637"}],"wp:featuredmedia":[{"embeddable":true,"href":"https:\/\/ecovent.com.mk\/sq\/wp-json\/wp\/v2\/media\/3666"}],"wp:attachment":[{"href":"https:\/\/ecovent.com.mk\/sq\/wp-json\/wp\/v2\/media?parent=3637"}],"wp:term":[{"taxonomy":"product_brand","embeddable":true,"href":"https:\/\/ecovent.com.mk\/sq\/wp-json\/wp\/v2\/product_brand?post=3637"},{"taxonomy":"product_cat","embeddable":true,"href":"https:\/\/ecovent.com.mk\/sq\/wp-json\/wp\/v2\/product_cat?post=3637"},{"taxonomy":"product_tag","embeddable":true,"href":"https:\/\/ecovent.com.mk\/sq\/wp-json\/wp\/v2\/product_tag?post=3637"}],"curies":[{"name":"wp","href":"https:\/\/api.w.org\/{rel}","templated":true}]}}