{"id":3494,"date":"2022-08-23T19:46:52","date_gmt":"2022-08-23T19:46:52","guid":{"rendered":"https:\/\/ecovent.com.mk\/?post_type=product&#038;p=3494"},"modified":"2024-06-20T12:01:12","modified_gmt":"2024-06-20T12:01:12","slug":"comfora-ftxp-m","status":"publish","type":"product","link":"https:\/\/ecovent.com.mk\/sq\/produkt\/comfora-ftxp-m\/","title":{"rendered":"COMFORA -FTXP-N9"},"content":{"rendered":"<table class=\"table-prod-description\" style=\"text-align: left; border: 0; border-width: 0;\" width=\"985\">\n<caption>KATEGORIT\u00cb: Split Sistem COMFORA Nj\u00ebsi e montuar n\u00eb mur<\/caption>\n<thead>\n<tr>\n<td scope=\"col\"><img decoding=\"async\" class=\"alignnone size-full wp-image-1566\" src=\"https:\/\/ecovent.com.mk\/wp-content\/uploads\/2022\/06\/PICTO-1.png\" alt=\"\" width=\"53\" height=\"53\" \/><\/td>\n<td>Aplikacioni Onecta (opsional)<br \/>\nKontrolloni klim\u00ebn tuaj t\u00eb brendshme nga \u00e7do vendndodhje p\u00ebrmes smartfonit ose tabletit<\/td>\n<\/tr>\n<\/thead>\n<tbody>\n<tr>\n<td><img decoding=\"async\" class=\"alignnone wp-image-3514\" src=\"https:\/\/ecovent.com.mk\/wp-content\/uploads\/2022\/08\/Asset-784.png\" alt=\"\" width=\"55\" height=\"54\" \/><\/td>\n<td>Qarkullimi 3-D i ajrit<br \/>\nKombinon rrotullimin automatik vertikal dhe horizontal dhe mund\u00ebson qarkullimin e nj\u00eb rryme t\u00eb ngroht\u00eb\/t\u00eb fresk\u00ebt ajri deri<br \/>\nn\u00eb cepat m\u00eb t\u00eb larg\u00ebt t\u00eb hap\u00ebsirave t\u00eb m\u00ebdha.<\/td>\n<\/tr>\n<tr>\n<td><img decoding=\"async\" class=\"alignnone wp-image-2869\" src=\"https:\/\/ecovent.com.mk\/wp-content\/uploads\/2022\/08\/Asset-23@72x-1.png\" alt=\"\" width=\"55\" height=\"55\" \/><\/td>\n<td class=\"translation-block\">Modaliteti ekonomik\n\nZvog\u00eblon konsumin e energjis\u00eb n\u00eb m\u00ebnyr\u00eb q\u00eb pajisjet e tjera q\u00eb kan\u00eb nevoj\u00eb p\u00ebr konsum t\u00eb madh t\u00eb energjis\u00eb\nmund te perdoren. Ky funksion gjithashtu kursen energji.<\/td>\n<\/tr>\n<tr>\n<td><img loading=\"lazy\" decoding=\"async\" class=\"alignnone wp-image-2842\" src=\"https:\/\/ecovent.com.mk\/wp-content\/uploads\/2022\/08\/Asset-19@72x.png\" alt=\"\" width=\"55\" height=\"55\" \/><\/td>\n<td>Kursimi i energjis\u00eb n\u00eb modalitetin e pritjes<br \/>\nRedukton konsumin e energjis\u00eb deri n\u00eb 80% kur q\u00ebndron n\u00eb modalitetin e pritjes.<\/td>\n<\/tr>\n<tr>\n<td><img loading=\"lazy\" decoding=\"async\" class=\"alignnone wp-image-1570 size-full\" src=\"https:\/\/ecovent.com.mk\/wp-content\/uploads\/2022\/06\/PICTO-5.png\" alt=\"\" width=\"55\" height=\"54\" \/><\/td>\n<td>Praktikisht i pad\u00ebgjuesh\u00ebm<br \/>\nPraktikisht i pad\u00ebgjuesh\u00ebm: nj\u00ebsia funksionon kaq pa zhurm\u00eb, sa pothuajse do t\u00eb harroni se ndodhet aty.<\/td>\n<\/tr>\n<tr>\n<td><img loading=\"lazy\" decoding=\"async\" class=\"alignnone wp-image-3515\" src=\"https:\/\/ecovent.com.mk\/wp-content\/uploads\/2022\/08\/Asset-788.png\" alt=\"\" width=\"55\" height=\"54\" \/><\/td>\n<td>Modaliteti i caktuar p\u00ebr nat\u00ebn<br \/>\nKursen energji duke parandaluar ftohjen ose ngrohjen e tep\u00ebrt gjat\u00eb nat\u00ebs.<\/td>\n<\/tr>\n<\/tbody>\n<\/table>","protected":false},"excerpt":{"rendered":"<p>\u00c7mimi \u00ebsht\u00eb me 18 % TVSH<\/p>\n<p>* N\u00eb \u00e7mim nuk p\u00ebrfshihet montimi dhe elementet shtes\u00eb p\u00ebr montim<\/p>\n<p><img loading=\"lazy\" decoding=\"async\" class=\"alignnone size-medium wp-image-2519\" src=\"https:\/\/ecovent.com.mk\/wp-content\/uploads\/2022\/08\/Asset-63@300x-300x70.png\" alt=\"\" width=\"300\" height=\"70\" srcset=\"https:\/\/ecovent.com.mk\/wp-content\/uploads\/2022\/08\/Asset-63@300x-300x70.png 300w, https:\/\/ecovent.com.mk\/wp-content\/uploads\/2022\/08\/Asset-63@300x-1024x238.png 1024w, https:\/\/ecovent.com.mk\/wp-content\/uploads\/2022\/08\/Asset-63@300x-768x178.png 768w, https:\/\/ecovent.com.mk\/wp-content\/uploads\/2022\/08\/Asset-63@300x-600x139.png 600w, https:\/\/ecovent.com.mk\/wp-content\/uploads\/2022\/08\/Asset-63@300x.png 1026w\" sizes=\"(max-width: 300px) 100vw, 300px\" \/><\/p>","protected":false},"featured_media":3513,"comment_status":"open","ping_status":"closed","template":"","meta":[],"product_brand":[],"product_cat":[28],"product_tag":[],"class_list":{"0":"post-3494","1":"product","2":"type-product","3":"status-publish","4":"has-post-thumbnail","6":"product_cat-air-condition","8":"first","9":"instock","10":"shipping-taxable","11":"purchasable","12":"product-type-variable"},"_links":{"self":[{"href":"https:\/\/ecovent.com.mk\/sq\/wp-json\/wp\/v2\/product\/3494","targetHints":{"allow":["GET"]}}],"collection":[{"href":"https:\/\/ecovent.com.mk\/sq\/wp-json\/wp\/v2\/product"}],"about":[{"href":"https:\/\/ecovent.com.mk\/sq\/wp-json\/wp\/v2\/types\/product"}],"replies":[{"embeddable":true,"href":"https:\/\/ecovent.com.mk\/sq\/wp-json\/wp\/v2\/comments?post=3494"}],"wp:featuredmedia":[{"embeddable":true,"href":"https:\/\/ecovent.com.mk\/sq\/wp-json\/wp\/v2\/media\/3513"}],"wp:attachment":[{"href":"https:\/\/ecovent.com.mk\/sq\/wp-json\/wp\/v2\/media?parent=3494"}],"wp:term":[{"taxonomy":"product_brand","embeddable":true,"href":"https:\/\/ecovent.com.mk\/sq\/wp-json\/wp\/v2\/product_brand?post=3494"},{"taxonomy":"product_cat","embeddable":true,"href":"https:\/\/ecovent.com.mk\/sq\/wp-json\/wp\/v2\/product_cat?post=3494"},{"taxonomy":"product_tag","embeddable":true,"href":"https:\/\/ecovent.com.mk\/sq\/wp-json\/wp\/v2\/product_tag?post=3494"}],"curies":[{"name":"wp","href":"https:\/\/api.w.org\/{rel}","templated":true}]}}