{"id":3256,"date":"2022-08-22T13:27:51","date_gmt":"2022-08-22T13:27:51","guid":{"rendered":"https:\/\/ecovent.com.mk\/?post_type=product&#038;p=3256"},"modified":"2023-10-20T08:21:14","modified_gmt":"2023-10-20T08:21:14","slug":"daikin-sky-air-fdxm-f9","status":"publish","type":"product","link":"https:\/\/ecovent.com.mk\/sq\/produkt\/daikin-sky-air-fdxm-f9\/","title":{"rendered":"DAIKIN SKY AIR FDXM-F9"},"content":{"rendered":"<table class=\"table-prod-description\" style=\"text-align: left; border: 0px; height: 835px;\" width=\"871\">\n<caption>KATEGORIT\u00cb <strong>Concealed ceiling unit<\/strong><br \/>\nCompact concealed ceiling unit, with a height of only 200mm\u00a0\u00a0<\/caption>\n<thead>\n<tr>\n<td scope=\"col\"><img decoding=\"async\" class=\"alignleft wp-image-3133\" src=\"https:\/\/ecovent.com.mk\/wp-content\/uploads\/2022\/08\/Asset-77@300x-1.png\" alt=\"\" width=\"55\" height=\"55\" srcset=\"https:\/\/ecovent.com.mk\/wp-content\/uploads\/2022\/08\/Asset-77@300x-1.png 188w, https:\/\/ecovent.com.mk\/wp-content\/uploads\/2022\/08\/Asset-77@300x-1-150x150.png 150w, https:\/\/ecovent.com.mk\/wp-content\/uploads\/2022\/08\/Asset-77@300x-1-100x100.png 100w\" sizes=\"(max-width: 55px) 100vw, 55px\" \/><\/td>\n<td><strong>Filt\u00ebr me pastrim automatik<\/strong><br \/>\nFiltri automatik vet\u00ebpastrohet nj\u00eb her\u00eb n\u00eb dit\u00eb. Thjesht\u00ebsia e<br \/>\nmir\u00ebmbajtjes do t\u00eb thot\u00eb efikasitet optimal i energjis\u00eb dhe komoditet maksimal pa pasur nevoj\u00eb<br \/>\np\u00ebr mir\u00ebmbajtje t\u00eb shtrenjta dhe q\u00eb marrin koh\u00eb.<br \/>\nMir\u00ebmbajtja<\/td>\n<\/tr>\n<\/thead>\n<tbody>\n<tr>\n<td><img decoding=\"async\" class=\"alignleft wp-image-2513\" src=\"https:\/\/ecovent.com.mk\/wp-content\/uploads\/2022\/08\/Asset-66@300x.png\" alt=\"\" width=\"55\" height=\"55\" srcset=\"https:\/\/ecovent.com.mk\/wp-content\/uploads\/2022\/08\/Asset-66@300x.png 272w, https:\/\/ecovent.com.mk\/wp-content\/uploads\/2022\/08\/Asset-66@300x-150x150.png 150w, https:\/\/ecovent.com.mk\/wp-content\/uploads\/2022\/08\/Asset-66@300x-100x100.png 100w\" sizes=\"(max-width: 55px) 100vw, 55px\" \/><\/td>\n<td><strong>Aplikacioni Onecta (opsional)<\/strong><br \/>\nControl your indoor climate from any location via<br \/>\nsmartphone or tablet<\/td>\n<\/tr>\n<tr>\n<td><img decoding=\"async\" class=\"alignleft wp-image-3129\" src=\"https:\/\/ecovent.com.mk\/wp-content\/uploads\/2022\/08\/Asset-73@300x-1.png\" alt=\"\" width=\"55\" height=\"55\" srcset=\"https:\/\/ecovent.com.mk\/wp-content\/uploads\/2022\/08\/Asset-73@300x-1.png 188w, https:\/\/ecovent.com.mk\/wp-content\/uploads\/2022\/08\/Asset-73@300x-1-150x150.png 150w, https:\/\/ecovent.com.mk\/wp-content\/uploads\/2022\/08\/Asset-73@300x-1-100x100.png 100w\" sizes=\"(max-width: 55px) 100vw, 55px\" \/><\/td>\n<td><strong>Vet\u00ebm ventilatori<\/strong><br \/>\nThe unit can be used as fan, blowing air without heating or<br \/>\ncooling.<\/td>\n<\/tr>\n<tr>\n<td><img loading=\"lazy\" decoding=\"async\" class=\"alignleft wp-image-3277\" src=\"https:\/\/ecovent.com.mk\/wp-content\/uploads\/2022\/08\/Asset-125@300x.png\" alt=\"\" width=\"55\" height=\"55\" srcset=\"https:\/\/ecovent.com.mk\/wp-content\/uploads\/2022\/08\/Asset-125@300x.png 189w, https:\/\/ecovent.com.mk\/wp-content\/uploads\/2022\/08\/Asset-125@300x-150x150.png 150w, https:\/\/ecovent.com.mk\/wp-content\/uploads\/2022\/08\/Asset-125@300x-100x100.png 100w\" sizes=\"(max-width: 55px) 100vw, 55px\" \/><\/td>\n<td>&nbsp;<\/p>\n<p><strong>Multi model Aplikacion<\/strong><br \/>\nUp to 5 indoor units can be connected to a single outdoor<br \/>\nunit, even if they have different capacities. All indoor units<br \/>\ncan individually be operated within the same heating or<br \/>\ncooling mode.<\/td>\n<\/tr>\n<tr>\n<td><img loading=\"lazy\" decoding=\"async\" class=\"alignleft wp-image-3254\" src=\"https:\/\/ecovent.com.mk\/wp-content\/uploads\/2022\/08\/Asset-151@300x-1.png\" alt=\"\" width=\"55\" height=\"55\" srcset=\"https:\/\/ecovent.com.mk\/wp-content\/uploads\/2022\/08\/Asset-151@300x-1.png 188w, https:\/\/ecovent.com.mk\/wp-content\/uploads\/2022\/08\/Asset-151@300x-1-150x150.png 150w, https:\/\/ecovent.com.mk\/wp-content\/uploads\/2022\/08\/Asset-151@300x-1-100x100.png 100w\" sizes=\"(max-width: 55px) 100vw, 55px\" \/><\/td>\n<td><strong>P\u00ebr shum\u00eb zona (opsional)<\/strong><br \/>\nLejon deri n\u00eb 6 zona individuale klime me nj\u00eb nj\u00ebsi t\u00eb brendshme<\/td>\n<\/tr>\n<tr>\n<td><img loading=\"lazy\" decoding=\"async\" class=\"alignleft wp-image-3275\" src=\"https:\/\/ecovent.com.mk\/wp-content\/uploads\/2022\/08\/cq5dam.thumbnail.140.100-3.png\" alt=\"\" width=\"55\" height=\"55\" \/><\/td>\n<td><strong>Funksionimi gjat\u00eb largimit nga sht\u00ebpia<\/strong><br \/>\nRuan temperatur\u00ebn e brendshme sipas nivelit t\u00eb p\u00ebrcaktuar nga ju nd\u00ebrkoh\u00eb<br \/>\nq\u00eb nuk jeni n\u00eb sht\u00ebpi, duke kursyer energji<\/td>\n<\/tr>\n<\/tbody>\n<\/table>\n<p>&nbsp;<\/p>\n<p><a href=\"https:\/\/ecovent.com.mk\/wp-content\/uploads\/2022\/08\/BENEFITS.pdf\"><img loading=\"lazy\" decoding=\"async\" class=\"alignnone wp-image-3076 size-medium\" src=\"https:\/\/ecovent.com.mk\/wp-content\/uploads\/2022\/08\/Asset-64@300x-1-223x300.png\" alt=\"\" width=\"223\" height=\"300\" srcset=\"https:\/\/ecovent.com.mk\/wp-content\/uploads\/2022\/08\/Asset-64@300x-1-223x300.png 223w, https:\/\/ecovent.com.mk\/wp-content\/uploads\/2022\/08\/Asset-64@300x-1-762x1024.png 762w, https:\/\/ecovent.com.mk\/wp-content\/uploads\/2022\/08\/Asset-64@300x-1-768x1032.png 768w, https:\/\/ecovent.com.mk\/wp-content\/uploads\/2022\/08\/Asset-64@300x-1-300x403.png 300w, https:\/\/ecovent.com.mk\/wp-content\/uploads\/2022\/08\/Asset-64@300x-1-600x806.png 600w, https:\/\/ecovent.com.mk\/wp-content\/uploads\/2022\/08\/Asset-64@300x-1.png 813w\" sizes=\"(max-width: 223px) 100vw, 223px\" \/><\/a><\/p>","protected":false},"excerpt":{"rendered":"<p><img loading=\"lazy\" decoding=\"async\" class=\"alignleft wp-image-2519 size-medium\" src=\"https:\/\/ecovent.com.mk\/wp-content\/uploads\/2022\/08\/Asset-63@300x-300x70.png\" alt=\"\" width=\"300\" height=\"70\" srcset=\"https:\/\/ecovent.com.mk\/wp-content\/uploads\/2022\/08\/Asset-63@300x-300x70.png 300w, https:\/\/ecovent.com.mk\/wp-content\/uploads\/2022\/08\/Asset-63@300x-1024x238.png 1024w, https:\/\/ecovent.com.mk\/wp-content\/uploads\/2022\/08\/Asset-63@300x-768x178.png 768w, https:\/\/ecovent.com.mk\/wp-content\/uploads\/2022\/08\/Asset-63@300x-600x139.png 600w, https:\/\/ecovent.com.mk\/wp-content\/uploads\/2022\/08\/Asset-63@300x.png 1026w\" sizes=\"(max-width: 300px) 100vw, 300px\" \/><\/p>","protected":false},"featured_media":3289,"comment_status":"closed","ping_status":"closed","template":"","meta":[],"product_brand":[],"product_cat":[56],"product_tag":[],"class_list":{"0":"post-3256","1":"product","2":"type-product","3":"status-publish","4":"has-post-thumbnail","6":"product_cat-sky-air","8":"first","9":"instock","10":"shipping-taxable","11":"purchasable","12":"product-type-variable"},"_links":{"self":[{"href":"https:\/\/ecovent.com.mk\/sq\/wp-json\/wp\/v2\/product\/3256","targetHints":{"allow":["GET"]}}],"collection":[{"href":"https:\/\/ecovent.com.mk\/sq\/wp-json\/wp\/v2\/product"}],"about":[{"href":"https:\/\/ecovent.com.mk\/sq\/wp-json\/wp\/v2\/types\/product"}],"replies":[{"embeddable":true,"href":"https:\/\/ecovent.com.mk\/sq\/wp-json\/wp\/v2\/comments?post=3256"}],"wp:featuredmedia":[{"embeddable":true,"href":"https:\/\/ecovent.com.mk\/sq\/wp-json\/wp\/v2\/media\/3289"}],"wp:attachment":[{"href":"https:\/\/ecovent.com.mk\/sq\/wp-json\/wp\/v2\/media?parent=3256"}],"wp:term":[{"taxonomy":"product_brand","embeddable":true,"href":"https:\/\/ecovent.com.mk\/sq\/wp-json\/wp\/v2\/product_brand?post=3256"},{"taxonomy":"product_cat","embeddable":true,"href":"https:\/\/ecovent.com.mk\/sq\/wp-json\/wp\/v2\/product_cat?post=3256"},{"taxonomy":"product_tag","embeddable":true,"href":"https:\/\/ecovent.com.mk\/sq\/wp-json\/wp\/v2\/product_tag?post=3256"}],"curies":[{"name":"wp","href":"https:\/\/api.w.org\/{rel}","templated":true}]}}