{"id":3082,"date":"2022-08-22T10:49:50","date_gmt":"2022-08-22T10:49:50","guid":{"rendered":"https:\/\/ecovent.com.mk\/?post_type=product&#038;p=3082"},"modified":"2026-04-01T23:07:46","modified_gmt":"2026-04-01T23:07:46","slug":"sensira-ftxc-c","status":"publish","type":"product","link":"https:\/\/ecovent.com.mk\/sq\/produkt\/sensira-ftxc-c\/","title":{"rendered":"SENSIRA \u2013 FTXC-D"},"content":{"rendered":"<table class=\"table-prod-description\" style=\"text-align: left; border: 0; border-width: 0;\" width=\"985\">\n<caption>CATEGORIES: Split Systems SENSIRA NEW High Wall Units<\/caption>\n<thead>\n<tr>\n<td scope=\"col\"><img decoding=\"async\" class=\"alignnone wp-image-2842\" src=\"https:\/\/ecovent.com.mk\/wp-content\/uploads\/2022\/08\/Asset-19@72x.png\" alt=\"\" width=\"55\" height=\"55\" \/><\/td>\n<td>Kursimi i energjis\u00eb n\u00eb modalitetin e pritjes<br \/>\nRedukton konsumin e energjis\u00eb deri n\u00eb 80% kur q\u00ebndron n\u00eb modalitetin e pritjes.<\/td>\n<\/tr>\n<\/thead>\n<tbody>\n<tr>\n<td><img decoding=\"async\" class=\"alignnone wp-image-3052\" src=\"https:\/\/ecovent.com.mk\/wp-content\/uploads\/2022\/08\/Asset-160.png\" alt=\"\" width=\"55\" height=\"55\" \/><\/td>\n<td>Vet\u00ebm ventilatori<br \/>\nNj\u00ebsia mund t\u00eb p\u00ebrdoret si ventilator duke qarkulluar ajrin, por pa e ngrohur ose ftohur at\u00eb.<\/td>\n<\/tr>\n<tr>\n<td><img decoding=\"async\" class=\"alignnone wp-image-3126\" src=\"https:\/\/ecovent.com.mk\/wp-content\/uploads\/2022\/08\/Asset-156.png\" alt=\"\" width=\"55\" height=\"55\" \/><\/td>\n<td>Kalimi automatik ftohje-ngrohje<br \/>\nP\u00ebrzgjedh automatikisht modalitetin e ngrohjes ose t\u00eb ftohjes p\u00ebr t\u00eb arritur temperatur\u00ebn e p\u00ebrcaktuar.<\/td>\n<\/tr>\n<tr>\n<td><img loading=\"lazy\" decoding=\"async\" class=\"alignnone wp-image-1566\" src=\"https:\/\/ecovent.com.mk\/wp-content\/uploads\/2022\/06\/PICTO-1.png\" alt=\"\" width=\"55\" height=\"55\" \/><\/td>\n<td>Aplikacioni Onecta (opsional)<\/p>\n<p>Kontrolloni klim\u00ebn tuaj t\u00eb brendshme nga \u00e7do vendndodhje p\u00ebrmes smartfonit ose tabletit<\/td>\n<\/tr>\n<tr>\n<td><img loading=\"lazy\" decoding=\"async\" class=\"alignnone wp-image-3053\" src=\"https:\/\/ecovent.com.mk\/wp-content\/uploads\/2022\/08\/Asset-161.png\" alt=\"\" width=\"55\" height=\"56\" \/><\/td>\n<td>Modaliteti i fuqish\u00ebm<br \/>\nMund t\u00eb p\u00ebrzgjidhet p\u00ebr ngrohje ose ftohje t\u00eb shpejt\u00eb; pasi fiket modaliteti i fuqish\u00ebm, nj\u00ebsia kthehet n\u00eb modalitetin<br \/>\ne caktuar m\u00eb par\u00eb.<\/td>\n<\/tr>\n<tr>\n<td><img loading=\"lazy\" decoding=\"async\" class=\"alignnone wp-image-3127\" src=\"https:\/\/ecovent.com.mk\/wp-content\/uploads\/2022\/08\/Asset-159.png\" alt=\"\" width=\"55\" height=\"56\" \/><\/td>\n<td>Comfortable sleeping mode<br \/>\nIncreased comfort function that follows a specific temperature fluctuation rhythm.<\/td>\n<\/tr>\n<\/tbody>\n<\/table>","protected":false},"excerpt":{"rendered":"<p>\u00c7mimi \u00ebsht\u00eb me 18 % TVSH<\/p>\n<p>* N\u00eb \u00e7mim nuk p\u00ebrfshihet montimi dhe elementet shtes\u00eb p\u00ebr montim<\/p>\n<p><img loading=\"lazy\" decoding=\"async\" class=\"alignnone size-medium wp-image-2519\" src=\"https:\/\/ecovent.com.mk\/wp-content\/uploads\/2022\/08\/Asset-63@300x-300x70.png\" alt=\"\" width=\"300\" height=\"70\" srcset=\"https:\/\/ecovent.com.mk\/wp-content\/uploads\/2022\/08\/Asset-63@300x-300x70.png 300w, https:\/\/ecovent.com.mk\/wp-content\/uploads\/2022\/08\/Asset-63@300x-1024x238.png 1024w, https:\/\/ecovent.com.mk\/wp-content\/uploads\/2022\/08\/Asset-63@300x-768x178.png 768w, https:\/\/ecovent.com.mk\/wp-content\/uploads\/2022\/08\/Asset-63@300x-600x139.png 600w, https:\/\/ecovent.com.mk\/wp-content\/uploads\/2022\/08\/Asset-63@300x.png 1026w\" sizes=\"(max-width: 300px) 100vw, 300px\" \/><\/p>","protected":false},"featured_media":3558,"comment_status":"open","ping_status":"closed","template":"","meta":[],"product_brand":[],"product_cat":[28],"product_tag":[],"class_list":{"0":"post-3082","1":"product","2":"type-product","3":"status-publish","4":"has-post-thumbnail","6":"product_cat-air-condition","8":"first","9":"instock","10":"shipping-taxable","11":"purchasable","12":"product-type-variable","13":"has-default-attributes"},"_links":{"self":[{"href":"https:\/\/ecovent.com.mk\/sq\/wp-json\/wp\/v2\/product\/3082","targetHints":{"allow":["GET"]}}],"collection":[{"href":"https:\/\/ecovent.com.mk\/sq\/wp-json\/wp\/v2\/product"}],"about":[{"href":"https:\/\/ecovent.com.mk\/sq\/wp-json\/wp\/v2\/types\/product"}],"replies":[{"embeddable":true,"href":"https:\/\/ecovent.com.mk\/sq\/wp-json\/wp\/v2\/comments?post=3082"}],"wp:featuredmedia":[{"embeddable":true,"href":"https:\/\/ecovent.com.mk\/sq\/wp-json\/wp\/v2\/media\/3558"}],"wp:attachment":[{"href":"https:\/\/ecovent.com.mk\/sq\/wp-json\/wp\/v2\/media?parent=3082"}],"wp:term":[{"taxonomy":"product_brand","embeddable":true,"href":"https:\/\/ecovent.com.mk\/sq\/wp-json\/wp\/v2\/product_brand?post=3082"},{"taxonomy":"product_cat","embeddable":true,"href":"https:\/\/ecovent.com.mk\/sq\/wp-json\/wp\/v2\/product_cat?post=3082"},{"taxonomy":"product_tag","embeddable":true,"href":"https:\/\/ecovent.com.mk\/sq\/wp-json\/wp\/v2\/product_tag?post=3082"}],"curies":[{"name":"wp","href":"https:\/\/api.w.org\/{rel}","templated":true}]}}