{"id":3033,"date":"2022-08-22T09:45:09","date_gmt":"2022-08-22T09:45:09","guid":{"rendered":"https:\/\/ecovent.com.mk\/?post_type=product&#038;p=3033"},"modified":"2024-06-20T12:08:12","modified_gmt":"2024-06-20T12:08:12","slug":"sensira-ftxf-a","status":"publish","type":"product","link":"https:\/\/ecovent.com.mk\/sq\/produkt\/sensira-ftxf-a\/","title":{"rendered":"Sensira -FTXF-E-D"},"content":{"rendered":"<table class=\"table-prod-description\" style=\"text-align: left; border: 0; border-width: 0;\" width=\"985\">\n<caption>CATEGORIES: Split Systems SENSIRA High Wall Units<\/caption>\n<thead>\n<tr>\n<td scope=\"col\"><img decoding=\"async\" class=\"alignnone size-full wp-image-1566\" src=\"https:\/\/ecovent.com.mk\/wp-content\/uploads\/2022\/06\/PICTO-1.png\" alt=\"\" width=\"53\" height=\"53\" \/><\/td>\n<td>Aplikacioni Onecta (opsional)<br \/>\nKontrolloni klim\u00ebn tuaj t\u00eb brendshme nga \u00e7do vendndodhje p\u00ebrmes smartfonit ose tabletit<\/td>\n<\/tr>\n<\/thead>\n<tbody>\n<tr>\n<td><img decoding=\"async\" class=\"alignnone wp-image-2842\" src=\"https:\/\/ecovent.com.mk\/wp-content\/uploads\/2022\/08\/Asset-19@72x.png\" alt=\"\" width=\"55\" height=\"55\" \/><\/td>\n<td>Kursimi i energjis\u00eb n\u00eb modalitetin e pritjes<br \/>\nCurrent consumption is reduced by about 80% when operating on stand by.<\/td>\n<\/tr>\n<tr>\n<td><img decoding=\"async\" class=\"alignnone wp-image-2869\" src=\"https:\/\/ecovent.com.mk\/wp-content\/uploads\/2022\/08\/Asset-23@72x-1.png\" alt=\"\" width=\"55\" height=\"55\" \/><\/td>\n<td class=\"translation-block\">Modaliteti ekonomik\n\nZvog\u00eblon konsumin e energjis\u00eb n\u00eb m\u00ebnyr\u00eb q\u00eb pajisjet e tjera q\u00eb kan\u00eb nevoj\u00eb p\u00ebr konsum t\u00eb madh t\u00eb energjis\u00eb\nmund te perdoren. Ky funksion gjithashtu kursen energji.<\/td>\n<\/tr>\n<tr>\n<td><img loading=\"lazy\" decoding=\"async\" class=\"alignnone wp-image-3052\" src=\"https:\/\/ecovent.com.mk\/wp-content\/uploads\/2022\/08\/Asset-160.png\" alt=\"\" width=\"55\" height=\"55\" \/><\/td>\n<td>Vet\u00ebm ventilatori<br \/>\nThe unit can be used as fan, blowing air without heating or cooling. Flow enables better temperature distribution.<\/td>\n<\/tr>\n<tr>\n<td><img loading=\"lazy\" decoding=\"async\" class=\"alignnone wp-image-3053\" src=\"https:\/\/ecovent.com.mk\/wp-content\/uploads\/2022\/08\/Asset-161.png\" alt=\"\" width=\"55\" height=\"56\" \/><\/td>\n<td>Modaliteti i fuqish\u00ebm<br \/>\nMund t\u00eb p\u00ebrzgjidhet p\u00ebr ngrohje ose ftohje t\u00eb shpejt\u00eb; pasi fiket modaliteti i fuqish\u00ebm, nj\u00ebsia kthehet n\u00eb modalitetin<br \/>\ne caktuar m\u00eb par\u00eb.<\/td>\n<\/tr>\n<tr>\n<td><img loading=\"lazy\" decoding=\"async\" class=\"alignnone wp-image-3054\" src=\"https:\/\/ecovent.com.mk\/wp-content\/uploads\/2022\/08\/Asset-162.png\" alt=\"\" width=\"55\" height=\"55\" \/><\/td>\n<td>Modaliteti i komoditetit  (Class 25, 35)<br \/>\nGaranton funksionim pa korrente ajri dhe ndalon q\u00eb ajri i ftoht\u00eb ose i ngroht\u00eb t\u00eb fryj\u00eb direkt mbi trup.<\/td>\n<\/tr>\n<\/tbody>\n<\/table>","protected":false},"excerpt":{"rendered":"<p>\u00c7mimi \u00ebsht\u00eb me 18 % TVSH<\/p>\n<p>* N\u00eb \u00e7mim nuk p\u00ebrfshihet montimi dhe elementet shtes\u00eb p\u00ebr montim<\/p>\n<p><img loading=\"lazy\" decoding=\"async\" class=\"alignnone size-medium wp-image-2519\" src=\"https:\/\/ecovent.com.mk\/wp-content\/uploads\/2022\/08\/Asset-63@300x-300x70.png\" alt=\"\" width=\"300\" height=\"70\" srcset=\"https:\/\/ecovent.com.mk\/wp-content\/uploads\/2022\/08\/Asset-63@300x-300x70.png 300w, https:\/\/ecovent.com.mk\/wp-content\/uploads\/2022\/08\/Asset-63@300x-1024x238.png 1024w, https:\/\/ecovent.com.mk\/wp-content\/uploads\/2022\/08\/Asset-63@300x-768x178.png 768w, https:\/\/ecovent.com.mk\/wp-content\/uploads\/2022\/08\/Asset-63@300x-600x139.png 600w, https:\/\/ecovent.com.mk\/wp-content\/uploads\/2022\/08\/Asset-63@300x.png 1026w\" sizes=\"(max-width: 300px) 100vw, 300px\" \/><\/p>","protected":false},"featured_media":3559,"comment_status":"open","ping_status":"closed","template":"","meta":[],"product_brand":[],"product_cat":[28],"product_tag":[],"class_list":{"0":"post-3033","1":"product","2":"type-product","3":"status-publish","4":"has-post-thumbnail","6":"product_cat-air-condition","8":"first","9":"instock","10":"shipping-taxable","11":"purchasable","12":"product-type-variable"},"_links":{"self":[{"href":"https:\/\/ecovent.com.mk\/sq\/wp-json\/wp\/v2\/product\/3033","targetHints":{"allow":["GET"]}}],"collection":[{"href":"https:\/\/ecovent.com.mk\/sq\/wp-json\/wp\/v2\/product"}],"about":[{"href":"https:\/\/ecovent.com.mk\/sq\/wp-json\/wp\/v2\/types\/product"}],"replies":[{"embeddable":true,"href":"https:\/\/ecovent.com.mk\/sq\/wp-json\/wp\/v2\/comments?post=3033"}],"wp:featuredmedia":[{"embeddable":true,"href":"https:\/\/ecovent.com.mk\/sq\/wp-json\/wp\/v2\/media\/3559"}],"wp:attachment":[{"href":"https:\/\/ecovent.com.mk\/sq\/wp-json\/wp\/v2\/media?parent=3033"}],"wp:term":[{"taxonomy":"product_brand","embeddable":true,"href":"https:\/\/ecovent.com.mk\/sq\/wp-json\/wp\/v2\/product_brand?post=3033"},{"taxonomy":"product_cat","embeddable":true,"href":"https:\/\/ecovent.com.mk\/sq\/wp-json\/wp\/v2\/product_cat?post=3033"},{"taxonomy":"product_tag","embeddable":true,"href":"https:\/\/ecovent.com.mk\/sq\/wp-json\/wp\/v2\/product_tag?post=3033"}],"curies":[{"name":"wp","href":"https:\/\/api.w.org\/{rel}","templated":true}]}}