{"id":2984,"date":"2022-08-22T09:15:52","date_gmt":"2022-08-22T09:15:52","guid":{"rendered":"https:\/\/ecovent.com.mk\/?post_type=product&#038;p=2984"},"modified":"2024-06-20T11:17:10","modified_gmt":"2024-06-20T11:17:10","slug":"ururu-sarara-ftxz-n-3","status":"publish","type":"product","link":"https:\/\/ecovent.com.mk\/sq\/produkt\/ururu-sarara-ftxz-n-3\/","title":{"rendered":"URURU SARARA &#8211; FTXZ-N"},"content":{"rendered":"<table class=\"table-prod-description\" style=\"text-align: left; border: 0; border-width: 0;\" width=\"985\">\n<caption>CATEGORIES: Split Systems URURU SARARA High Wall Units<\/caption>\n<thead>\n<tr>\n<td scope=\"col\"><img decoding=\"async\" class=\"alignnone size-full wp-image-1566\" src=\"https:\/\/ecovent.com.mk\/wp-content\/uploads\/2022\/06\/PICTO-1.png\" alt=\"\" width=\"53\" height=\"53\" \/><\/td>\n<td>Aplikacioni Onecta (opsional)<br \/>\nKontrolloni klim\u00ebn tuaj t\u00eb brendshme nga \u00e7do vendndodhje p\u00ebrmes smartfonit ose tabletit<\/td>\n<\/tr>\n<\/thead>\n<tbody>\n<tr>\n<td><img decoding=\"async\" class=\"alignnone wp-image-2842\" src=\"https:\/\/ecovent.com.mk\/wp-content\/uploads\/2022\/08\/Asset-19@72x.png\" alt=\"\" width=\"55\" height=\"55\" \/><\/td>\n<td>Kursimi i energjis\u00eb n\u00eb modalitetin e pritjes<br \/>\nRedukton konsumin e energjis\u00eb deri n\u00eb 80% kur q\u00ebndron n\u00eb modalitetin e pritjes.<\/td>\n<\/tr>\n<tr>\n<td><img decoding=\"async\" class=\"alignnone wp-image-2843\" src=\"https:\/\/ecovent.com.mk\/wp-content\/uploads\/2022\/08\/Asset-20@72x.png\" alt=\"\" width=\"55\" height=\"55\" \/><\/td>\n<td>Sarara - heqja e lag\u00ebshtis\u00eb<br \/>\nRedukton lag\u00ebshtin\u00eb n\u00eb ambientin e brendsh\u00ebm pa ndikuar n\u00eb temperatur\u00ebn e dhom\u00ebs,<br \/>\nduke p\u00ebrzier ajrin e ftoht\u00eb dhe t\u00eb that\u00eb me ajrin e ngroht\u00eb.<\/td>\n<\/tr>\n<tr>\n<td><img loading=\"lazy\" decoding=\"async\" class=\"alignnone wp-image-2867\" src=\"https:\/\/ecovent.com.mk\/wp-content\/uploads\/2022\/08\/Asset-21@72x-1.png\" alt=\"\" width=\"55\" height=\"55\" \/><\/td>\n<td>Sensori i diktimit t\u00eb l\u00ebvizjes p\u00ebr 3 zona<br \/>\nRryma e ajrit d\u00ebrgohet n\u00eb nj\u00eb hap\u00ebsir\u00eb t\u00eb ndryshme nga ajo ku ndodhet personi p\u00ebr momentin.<br \/>\nDiktimi kryhet n\u00eb 3 drejtime: majtas, p\u00ebrpara dhe djathtas. N\u00ebse nuk diktohet asnj\u00eb person, nj\u00ebsia kalon<br \/>\nautomatikisht n\u00eb cil\u00ebsimin e efikasitetit t\u00eb energjis\u00eb.<\/td>\n<\/tr>\n<tr>\n<td><img loading=\"lazy\" decoding=\"async\" class=\"alignnone wp-image-2845\" src=\"https:\/\/ecovent.com.mk\/wp-content\/uploads\/2022\/08\/Asset-22@72x.png\" alt=\"\" width=\"55\" height=\"55\" \/><\/td>\n<td>Ururu - krijimi i lag\u00ebshtis\u00eb<br \/>\nP\u00ebrthith lag\u00ebshtin\u00eb nga ajri i jasht\u00ebm dhe e shp\u00ebrndan n\u00eb m\u00ebnyr\u00eb uniforme n\u00eb ambientet e brendshme.<\/td>\n<\/tr>\n<tr>\n<td><img loading=\"lazy\" decoding=\"async\" class=\"alignnone wp-image-2869\" src=\"https:\/\/ecovent.com.mk\/wp-content\/uploads\/2022\/08\/Asset-23@72x-1.png\" alt=\"\" width=\"55\" height=\"55\" \/><\/td>\n<td class=\"translation-block\">Modaliteti ekonomik\n\nZvog\u00eblon konsumin e energjis\u00eb n\u00eb m\u00ebnyr\u00eb q\u00eb pajisjet e tjera q\u00eb kan\u00eb nevoj\u00eb p\u00ebr konsum t\u00eb madh t\u00eb energjis\u00eb\nmund te perdoren. Ky funksion gjithashtu kursen energji.<\/td>\n<\/tr>\n<\/tbody>\n<\/table>","protected":false},"excerpt":{"rendered":"<p>\u00c7mimi \u00ebsht\u00eb me 18 % TVSH<\/p>\n<p>* The prices does not include installation and additional elements for installation<\/p>\n<p><img loading=\"lazy\" decoding=\"async\" class=\"alignnone size-medium wp-image-2519\" src=\"https:\/\/ecovent.com.mk\/wp-content\/uploads\/2022\/08\/Asset-63@300x-300x70.png\" alt=\"\" width=\"300\" height=\"70\" srcset=\"https:\/\/ecovent.com.mk\/wp-content\/uploads\/2022\/08\/Asset-63@300x-300x70.png 300w, https:\/\/ecovent.com.mk\/wp-content\/uploads\/2022\/08\/Asset-63@300x-1024x238.png 1024w, https:\/\/ecovent.com.mk\/wp-content\/uploads\/2022\/08\/Asset-63@300x-768x178.png 768w, https:\/\/ecovent.com.mk\/wp-content\/uploads\/2022\/08\/Asset-63@300x-600x139.png 600w, https:\/\/ecovent.com.mk\/wp-content\/uploads\/2022\/08\/Asset-63@300x.png 1026w\" sizes=\"(max-width: 300px) 100vw, 300px\" \/><\/p>","protected":false},"featured_media":3560,"comment_status":"open","ping_status":"closed","template":"","meta":[],"product_brand":[],"product_cat":[28],"product_tag":[],"class_list":{"0":"post-2984","1":"product","2":"type-product","3":"status-publish","4":"has-post-thumbnail","6":"product_cat-air-condition","8":"first","9":"instock","10":"shipping-taxable","11":"purchasable","12":"product-type-variable"},"_links":{"self":[{"href":"https:\/\/ecovent.com.mk\/sq\/wp-json\/wp\/v2\/product\/2984","targetHints":{"allow":["GET"]}}],"collection":[{"href":"https:\/\/ecovent.com.mk\/sq\/wp-json\/wp\/v2\/product"}],"about":[{"href":"https:\/\/ecovent.com.mk\/sq\/wp-json\/wp\/v2\/types\/product"}],"replies":[{"embeddable":true,"href":"https:\/\/ecovent.com.mk\/sq\/wp-json\/wp\/v2\/comments?post=2984"}],"wp:featuredmedia":[{"embeddable":true,"href":"https:\/\/ecovent.com.mk\/sq\/wp-json\/wp\/v2\/media\/3560"}],"wp:attachment":[{"href":"https:\/\/ecovent.com.mk\/sq\/wp-json\/wp\/v2\/media?parent=2984"}],"wp:term":[{"taxonomy":"product_brand","embeddable":true,"href":"https:\/\/ecovent.com.mk\/sq\/wp-json\/wp\/v2\/product_brand?post=2984"},{"taxonomy":"product_cat","embeddable":true,"href":"https:\/\/ecovent.com.mk\/sq\/wp-json\/wp\/v2\/product_cat?post=2984"},{"taxonomy":"product_tag","embeddable":true,"href":"https:\/\/ecovent.com.mk\/sq\/wp-json\/wp\/v2\/product_tag?post=2984"}],"curies":[{"name":"wp","href":"https:\/\/api.w.org\/{rel}","templated":true}]}}