{"id":2367,"date":"2022-08-07T17:56:11","date_gmt":"2022-08-07T17:56:11","guid":{"rendered":"https:\/\/ecovent.com.mk\/?page_id=2367"},"modified":"2022-09-27T20:37:31","modified_gmt":"2022-09-27T20:37:31","slug":"our-story","status":"publish","type":"page","link":"https:\/\/ecovent.com.mk\/sq\/our-story\/","title":{"rendered":"Historia jon\u00eb"},"content":{"rendered":"<div data-elementor-type=\"wp-page\" data-elementor-id=\"2367\" class=\"elementor elementor-2367\">\n\t\t\t\t\t\t<section class=\"elementor-section elementor-top-section elementor-element elementor-element-731dd1be ct-section-stretched elementor-section-full_width elementor-section-height-min-height elementor-section-content-top elementor-section-height-default elementor-section-items-middle\" data-id=\"731dd1be\" data-element_type=\"section\" data-e-type=\"section\" data-settings=\"{&quot;background_background&quot;:&quot;classic&quot;,&quot;shape_divider_bottom&quot;:&quot;triangle&quot;,&quot;shape_divider_bottom_negative&quot;:&quot;yes&quot;}\">\n\t\t\t\t\t\t\t<div class=\"elementor-background-overlay\"><\/div>\n\t\t\t\t\t\t<div class=\"elementor-shape elementor-shape-bottom\" aria-hidden=\"true\" data-negative=\"true\">\n\t\t\t<svg xmlns=\"http:\/\/www.w3.org\/2000\/svg\" viewbox=\"0 0 1000 100\" preserveaspectratio=\"none\">\n\t<path class=\"elementor-shape-fill\" d=\"M500.2,94.7L0,0v100h1000V0L500.2,94.7z\"\/>\n<\/svg>\t\t<\/div>\n\t\t\t\t\t<div class=\"elementor-container elementor-column-gap-default\">\n\t\t\t\t\t<div class=\"elementor-column elementor-col-100 elementor-top-column elementor-element elementor-element-7798d5f9\" data-id=\"7798d5f9\" data-element_type=\"column\" data-e-type=\"column\">\n\t\t\t<div class=\"elementor-widget-wrap\">\n\t\t\t\t\t\t\t<\/div>\n\t\t<\/div>\n\t\t\t\t\t<\/div>\n\t\t<\/section>\n\t\t\t\t<section class=\"elementor-section elementor-top-section elementor-element elementor-element-0c69b11 ct-section-stretched elementor-section-boxed elementor-section-height-default elementor-section-height-default\" data-id=\"0c69b11\" data-element_type=\"section\" data-e-type=\"section\">\n\t\t\t\t\t\t<div class=\"elementor-container elementor-column-gap-default\">\n\t\t\t\t\t<div class=\"elementor-column elementor-col-100 elementor-top-column elementor-element elementor-element-3324dc2\" data-id=\"3324dc2\" data-element_type=\"column\" data-e-type=\"column\">\n\t\t\t<div class=\"elementor-widget-wrap elementor-element-populated\">\n\t\t\t\t\t\t<div class=\"elementor-element elementor-element-798702d elementor-widget elementor-widget-image\" data-id=\"798702d\" data-element_type=\"widget\" data-e-type=\"widget\" data-widget_type=\"image.default\">\n\t\t\t\t<div class=\"elementor-widget-container\">\n\t\t\t\t\t\t\t\t\t\t\t\t\t\t\t<img fetchpriority=\"high\" decoding=\"async\" width=\"8001\" height=\"369\" src=\"https:\/\/ecovent.com.mk\/wp-content\/uploads\/2022\/09\/h2.png\" class=\"attachment-full size-full wp-image-6032\" alt=\"\" srcset=\"https:\/\/ecovent.com.mk\/wp-content\/uploads\/2022\/09\/h2.png 8001w, https:\/\/ecovent.com.mk\/wp-content\/uploads\/2022\/09\/h2-300x14.png 300w, https:\/\/ecovent.com.mk\/wp-content\/uploads\/2022\/09\/h2-1024x47.png 1024w, https:\/\/ecovent.com.mk\/wp-content\/uploads\/2022\/09\/h2-768x36.png 768w, https:\/\/ecovent.com.mk\/wp-content\/uploads\/2022\/09\/h2-1536x71.png 1536w, https:\/\/ecovent.com.mk\/wp-content\/uploads\/2022\/09\/h2-2048x95.png 2048w, https:\/\/ecovent.com.mk\/wp-content\/uploads\/2022\/09\/h2-18x1.png 18w, https:\/\/ecovent.com.mk\/wp-content\/uploads\/2022\/09\/h2-600x28.png 600w\" sizes=\"(max-width: 8001px) 100vw, 8001px\" \/>\t\t\t\t\t\t\t\t\t\t\t\t\t\t\t<\/div>\n\t\t\t\t<\/div>\n\t\t\t\t\t<\/div>\n\t\t<\/div>\n\t\t\t\t\t<\/div>\n\t\t<\/section>\n\t\t\t\t<section class=\"elementor-section elementor-top-section elementor-element elementor-element-09f83f8 elementor-section-boxed elementor-section-height-default elementor-section-height-default\" data-id=\"09f83f8\" data-element_type=\"section\" data-e-type=\"section\">\n\t\t\t\t\t\t<div class=\"elementor-container elementor-column-gap-default\">\n\t\t\t\t\t<div class=\"elementor-column elementor-col-100 elementor-top-column elementor-element elementor-element-aad4694\" data-id=\"aad4694\" data-element_type=\"column\" data-e-type=\"column\">\n\t\t\t<div class=\"elementor-widget-wrap elementor-element-populated\">\n\t\t\t\t\t\t<div class=\"elementor-element elementor-element-e784a9c elementor-widget elementor-widget-text-editor\" data-id=\"e784a9c\" data-element_type=\"widget\" data-e-type=\"widget\" data-widget_type=\"text-editor.default\">\n\t\t\t\t<div class=\"elementor-widget-container\">\n\t\t\t\t\t\t\t\t\t<p>Gjith\u00e7ka filloi n\u00eb vitin 1977 si nj\u00eb prodhues i vog\u00ebl i produkteve t\u00eb llamarin\u00ebs. Kompania zot\u00ebroi shpejt kompetencat e saj dhe vazhdoi tradit\u00ebn e prodhimit t\u00eb llamarin\u00ebs p\u00ebr nj\u00eb koh\u00eb t\u00eb gjat\u00eb me aft\u00ebsi maksimale. Vite m\u00eb von\u00eb n\u00eb 2002, kompania fillon t\u00eb fokusohet n\u00eb prodhimin e kanaleve t\u00eb ajrit, i cili ishte nj\u00eb objektiv m\u00eb kompleks se objektivat fillestar\u00eb. Arritja e suksesit t\u00eb ardhsh\u00ebm do t\u00eb ishte n\u00eb vitin 2011 kur kompania ndryshon strategjin\u00eb dhe biznesin e saj baz\u00eb nga nj\u00eb prodhues i vet\u00ebm produkti n\u00eb nj\u00eb kompani zgjidhjeje dhe sh\u00ebrbimi brenda korniz\u00ebs HVAC. Para k\u00ebsaj, \u00ebsht\u00eb e r\u00ebnd\u00ebsishme t\u00eb theksohet se Eco Vent mori nj\u00eb ekip t\u00eb ri n\u00eb bord, i cili nisi dhe ia doli n\u00eb \u00e7do ndryshim q\u00eb ata b\u00ebn\u00eb. Vitet e fundit, Republika e Maqedonis\u00eb s\u00eb Veriut \u00ebsht\u00eb p\u00ebrballur me probleme serioze t\u00eb ndotjes, ku kryeqyteti i saj dhe Tetova, ku ndodhet Eco Vent, u shpall\u00ebn si disa nga zonat m\u00eb t\u00eb d\u00ebmtuara n\u00eb mbar\u00eb bot\u00ebn p\u00ebr sa i p\u00ebrket ndotjes. Nj\u00eb m\u00ebnyr\u00eb vendimtare p\u00ebr t\u00eb luftuar ndotjen do t\u00eb ishte ideja e Eco Vent p\u00ebr t\u00eb p\u00ebrmir\u00ebsuar cil\u00ebsin\u00eb e ajrit duke ofruar zgjidhje adekuate p\u00ebr ventilimin, ngrohjen dhe ajrin e kondicionuar. Prandaj, u krijua marka Eco Vent, ajo q\u00eb mban sht\u00ebpit\u00eb tona, nj\u00ebher\u00eb e \u00e7do nd\u00ebrtim arkitektonik brenda dhe jasht\u00eb, duke synuar k\u00ebshtu p\u00ebrmir\u00ebsimin e cil\u00ebsis\u00eb s\u00eb ajrit p\u00ebrmes produkteve t\u00eb saj ekologjike. Gjat\u00eb k\u00ebtyre viteve kompania arrin t\u00eb jet\u00eb partnere me markat bot\u00ebrore si Samsung Hvac dhe m\u00eb von\u00eb n\u00eb vitin 2014 b\u00ebhet pjes\u00eb e mark\u00ebs lider bot\u00ebror Daikin.Nga viti 2017 e deri m\u00eb sot, Eco Vent \u00ebsht\u00eb partner i certifikuar i Daikin Home Comfort n\u00eb territorin e Republik\u00ebs s\u00eb Maqedonis\u00eb s\u00eb Veriut. Nd\u00ebrsa n\u00eb Republik\u00ebn fqinje t\u00eb Kosov\u00ebs, b\u00ebhet Diler Zyrtar i Daikin nga fillimi i vitit 2020.<\/p>\t\t\t\t\t\t\t\t<\/div>\n\t\t\t\t<\/div>\n\t\t\t\t<div class=\"elementor-element elementor-element-7aa172f elementor-widget elementor-widget-image\" data-id=\"7aa172f\" data-element_type=\"widget\" data-e-type=\"widget\" data-widget_type=\"image.default\">\n\t\t\t\t<div class=\"elementor-widget-container\">\n\t\t\t\t\t\t\t\t\t\t\t\t\t\t\t<img decoding=\"async\" width=\"1280\" height=\"654\" src=\"https:\/\/ecovent.com.mk\/wp-content\/uploads\/2022\/08\/body-our-story.jpeg\" class=\"attachment-1536x1536 size-1536x1536 wp-image-2387\" alt=\"\" srcset=\"https:\/\/ecovent.com.mk\/wp-content\/uploads\/2022\/08\/body-our-story.jpeg 1280w, https:\/\/ecovent.com.mk\/wp-content\/uploads\/2022\/08\/body-our-story-300x153.jpeg 300w, https:\/\/ecovent.com.mk\/wp-content\/uploads\/2022\/08\/body-our-story-1024x523.jpeg 1024w, https:\/\/ecovent.com.mk\/wp-content\/uploads\/2022\/08\/body-our-story-768x392.jpeg 768w, https:\/\/ecovent.com.mk\/wp-content\/uploads\/2022\/08\/body-our-story-600x307.jpeg 600w\" sizes=\"(max-width: 1280px) 100vw, 1280px\" \/>\t\t\t\t\t\t\t\t\t\t\t\t\t\t\t<\/div>\n\t\t\t\t<\/div>\n\t\t\t\t\t<\/div>\n\t\t<\/div>\n\t\t\t\t\t<\/div>\n\t\t<\/section>\n\t\t\t\t<section class=\"elementor-section elementor-top-section elementor-element elementor-element-f8e55b1 elementor-section-boxed elementor-section-height-default elementor-section-height-default\" data-id=\"f8e55b1\" data-element_type=\"section\" data-e-type=\"section\">\n\t\t\t\t\t\t<div class=\"elementor-container elementor-column-gap-default\">\n\t\t\t\t\t<div class=\"elementor-column elementor-col-100 elementor-top-column elementor-element elementor-element-81f742a\" data-id=\"81f742a\" data-element_type=\"column\" data-e-type=\"column\">\n\t\t\t<div class=\"elementor-widget-wrap elementor-element-populated\">\n\t\t\t\t\t\t<div class=\"elementor-element elementor-element-07dd3c9 elementor-widget elementor-widget-image\" data-id=\"07dd3c9\" data-element_type=\"widget\" data-e-type=\"widget\" data-widget_type=\"image.default\">\n\t\t\t\t<div class=\"elementor-widget-container\">\n\t\t\t\t\t\t\t\t\t\t\t\t\t\t\t<img decoding=\"async\" width=\"3455\" height=\"5035\" src=\"https:\/\/ecovent.com.mk\/wp-content\/uploads\/2022\/09\/our-story-al.png\" class=\"elementor-animation-grow attachment-full size-full wp-image-6044\" alt=\"\" srcset=\"https:\/\/ecovent.com.mk\/wp-content\/uploads\/2022\/09\/our-story-al.png 3660w, https:\/\/ecovent.com.mk\/wp-content\/uploads\/2022\/09\/our-story-al-218x300.png 218w, https:\/\/ecovent.com.mk\/wp-content\/uploads\/2022\/09\/our-story-al-745x1024.png 745w, https:\/\/ecovent.com.mk\/wp-content\/uploads\/2022\/09\/our-story-al-768x1056.png 768w, https:\/\/ecovent.com.mk\/wp-content\/uploads\/2022\/09\/our-story-al-1117x1536.png 1117w, https:\/\/ecovent.com.mk\/wp-content\/uploads\/2022\/09\/our-story-al-1489x2048.png 1489w, https:\/\/ecovent.com.mk\/wp-content\/uploads\/2022\/09\/our-story-al-9x12.png 9w, https:\/\/ecovent.com.mk\/wp-content\/uploads\/2022\/09\/our-story-al-300x413.png 300w, https:\/\/ecovent.com.mk\/wp-content\/uploads\/2022\/09\/our-story-al-600x825.png 600w\" sizes=\"(max-width: 3455px) 100vw, 3455px\" \/>\t\t\t\t\t\t\t\t\t\t\t\t\t\t\t<\/div>\n\t\t\t\t<\/div>\n\t\t\t\t\t<\/div>\n\t\t<\/div>\n\t\t\t\t\t<\/div>\n\t\t<\/section>\n\t\t\t\t<section class=\"elementor-section elementor-top-section elementor-element elementor-element-c2b3b31 ct-section-stretched elementor-section-full_width elementor-section-height-default elementor-section-height-default\" data-id=\"c2b3b31\" data-element_type=\"section\" data-e-type=\"section\">\n\t\t\t\t\t\t<div class=\"elementor-container elementor-column-gap-default\">\n\t\t\t\t\t<div class=\"elementor-column elementor-col-100 elementor-top-column elementor-element elementor-element-2702a95\" data-id=\"2702a95\" data-element_type=\"column\" data-e-type=\"column\">\n\t\t\t<div class=\"elementor-widget-wrap elementor-element-populated\">\n\t\t\t\t\t\t<div class=\"elementor-element elementor-element-e618520 elementor-widget elementor-widget-image\" data-id=\"e618520\" data-element_type=\"widget\" data-e-type=\"widget\" data-widget_type=\"image.default\">\n\t\t\t\t<div class=\"elementor-widget-container\">\n\t\t\t\t\t\t\t\t\t\t\t\t\t\t\t<img loading=\"lazy\" decoding=\"async\" width=\"1920\" height=\"147\" src=\"https:\/\/ecovent.com.mk\/wp-content\/uploads\/2022\/08\/full-hd-footer-logo-Eco-Vent-2022.png\" class=\"attachment-full size-full wp-image-2436\" alt=\"\" srcset=\"https:\/\/ecovent.com.mk\/wp-content\/uploads\/2022\/08\/full-hd-footer-logo-Eco-Vent-2022.png 1920w, https:\/\/ecovent.com.mk\/wp-content\/uploads\/2022\/08\/full-hd-footer-logo-Eco-Vent-2022-300x23.png 300w, https:\/\/ecovent.com.mk\/wp-content\/uploads\/2022\/08\/full-hd-footer-logo-Eco-Vent-2022-1024x78.png 1024w, https:\/\/ecovent.com.mk\/wp-content\/uploads\/2022\/08\/full-hd-footer-logo-Eco-Vent-2022-768x59.png 768w, https:\/\/ecovent.com.mk\/wp-content\/uploads\/2022\/08\/full-hd-footer-logo-Eco-Vent-2022-1536x118.png 1536w, https:\/\/ecovent.com.mk\/wp-content\/uploads\/2022\/08\/full-hd-footer-logo-Eco-Vent-2022-600x46.png 600w\" sizes=\"(max-width: 1920px) 100vw, 1920px\" \/>\t\t\t\t\t\t\t\t\t\t\t\t\t\t\t<\/div>\n\t\t\t\t<\/div>\n\t\t\t\t\t<\/div>\n\t\t<\/div>\n\t\t\t\t\t<\/div>\n\t\t<\/section>\n\t\t\t\t<\/div>","protected":false},"excerpt":{"rendered":"<p>It all started in 1977 as a small manufacturer of sheet metal products. The company quickly mastered its competencies and continued the sheet metal production tradition for a long time with the utmost proficiency. Years later in 2002, the company starts to focus on the manufacturing of air ducts, which was a more complex objective [&hellip;]<\/p>\n","protected":false},"author":1,"featured_media":0,"parent":0,"menu_order":0,"comment_status":"closed","ping_status":"closed","template":"elementor_header_footer","meta":{"footnotes":""},"class_list":["post-2367","page","type-page","status-publish","hentry"],"blocksy_meta":{"styles_descriptor":{"styles":{"desktop":"","tablet":"","mobile":""},"google_fonts":[],"version":6}},"_links":{"self":[{"href":"https:\/\/ecovent.com.mk\/sq\/wp-json\/wp\/v2\/pages\/2367","targetHints":{"allow":["GET"]}}],"collection":[{"href":"https:\/\/ecovent.com.mk\/sq\/wp-json\/wp\/v2\/pages"}],"about":[{"href":"https:\/\/ecovent.com.mk\/sq\/wp-json\/wp\/v2\/types\/page"}],"author":[{"embeddable":true,"href":"https:\/\/ecovent.com.mk\/sq\/wp-json\/wp\/v2\/users\/1"}],"replies":[{"embeddable":true,"href":"https:\/\/ecovent.com.mk\/sq\/wp-json\/wp\/v2\/comments?post=2367"}],"version-history":[{"count":5,"href":"https:\/\/ecovent.com.mk\/sq\/wp-json\/wp\/v2\/pages\/2367\/revisions"}],"predecessor-version":[{"id":6878,"href":"https:\/\/ecovent.com.mk\/sq\/wp-json\/wp\/v2\/pages\/2367\/revisions\/6878"}],"wp:attachment":[{"href":"https:\/\/ecovent.com.mk\/sq\/wp-json\/wp\/v2\/media?parent=2367"}],"curies":[{"name":"wp","href":"https:\/\/api.w.org\/{rel}","templated":true}]}}