{"id":2330,"date":"2022-08-07T15:46:51","date_gmt":"2022-08-07T15:46:51","guid":{"rendered":"https:\/\/ecovent.com.mk\/?page_id=2330"},"modified":"2022-09-27T20:47:56","modified_gmt":"2022-09-27T20:47:56","slug":"partners","status":"publish","type":"page","link":"https:\/\/ecovent.com.mk\/sq\/partners\/","title":{"rendered":"Partner\u00ebt"},"content":{"rendered":"<div data-elementor-type=\"wp-page\" data-elementor-id=\"2330\" class=\"elementor elementor-2330\">\n\t\t\t\t\t\t<section class=\"elementor-section elementor-top-section elementor-element elementor-element-4f30045a ct-section-stretched elementor-section-full_width elementor-section-height-min-height elementor-section-content-top elementor-section-height-default elementor-section-items-middle\" data-id=\"4f30045a\" data-element_type=\"section\" data-e-type=\"section\" data-settings=\"{&quot;background_background&quot;:&quot;classic&quot;,&quot;shape_divider_bottom&quot;:&quot;triangle&quot;,&quot;shape_divider_bottom_negative&quot;:&quot;yes&quot;}\">\n\t\t\t\t\t\t\t<div class=\"elementor-background-overlay\"><\/div>\n\t\t\t\t\t\t<div class=\"elementor-shape elementor-shape-bottom\" aria-hidden=\"true\" data-negative=\"true\">\n\t\t\t<svg xmlns=\"http:\/\/www.w3.org\/2000\/svg\" viewbox=\"0 0 1000 100\" preserveaspectratio=\"none\">\n\t<path class=\"elementor-shape-fill\" d=\"M500.2,94.7L0,0v100h1000V0L500.2,94.7z\"\/>\n<\/svg>\t\t<\/div>\n\t\t\t\t\t<div class=\"elementor-container elementor-column-gap-default\">\n\t\t\t\t\t<div class=\"elementor-column elementor-col-100 elementor-top-column elementor-element elementor-element-58ddc99b\" data-id=\"58ddc99b\" data-element_type=\"column\" data-e-type=\"column\">\n\t\t\t<div class=\"elementor-widget-wrap\">\n\t\t\t\t\t\t\t<\/div>\n\t\t<\/div>\n\t\t\t\t\t<\/div>\n\t\t<\/section>\n\t\t\t\t<section class=\"elementor-section elementor-top-section elementor-element elementor-element-5ac529f ct-section-stretched elementor-section-boxed elementor-section-height-default elementor-section-height-default\" data-id=\"5ac529f\" data-element_type=\"section\" data-e-type=\"section\">\n\t\t\t\t\t\t<div class=\"elementor-container elementor-column-gap-default\">\n\t\t\t\t\t<div class=\"elementor-column elementor-col-100 elementor-top-column elementor-element elementor-element-007455e\" data-id=\"007455e\" data-element_type=\"column\" data-e-type=\"column\">\n\t\t\t<div class=\"elementor-widget-wrap elementor-element-populated\">\n\t\t\t\t\t\t<div class=\"elementor-element elementor-element-4a4fb72 elementor-widget elementor-widget-image\" data-id=\"4a4fb72\" data-element_type=\"widget\" data-e-type=\"widget\" data-widget_type=\"image.default\">\n\t\t\t\t<div class=\"elementor-widget-container\">\n\t\t\t\t\t\t\t\t\t\t\t\t\t\t\t<img fetchpriority=\"high\" decoding=\"async\" width=\"8001\" height=\"381\" src=\"https:\/\/ecovent.com.mk\/wp-content\/uploads\/2022\/09\/Asset-4.png\" class=\"attachment-full size-full wp-image-6063\" alt=\"\" srcset=\"https:\/\/ecovent.com.mk\/wp-content\/uploads\/2022\/09\/Asset-4.png 8001w, https:\/\/ecovent.com.mk\/wp-content\/uploads\/2022\/09\/Asset-4-300x14.png 300w, https:\/\/ecovent.com.mk\/wp-content\/uploads\/2022\/09\/Asset-4-1024x49.png 1024w, https:\/\/ecovent.com.mk\/wp-content\/uploads\/2022\/09\/Asset-4-768x37.png 768w, https:\/\/ecovent.com.mk\/wp-content\/uploads\/2022\/09\/Asset-4-1536x74.png 1536w, https:\/\/ecovent.com.mk\/wp-content\/uploads\/2022\/09\/Asset-4-2048x98.png 2048w, https:\/\/ecovent.com.mk\/wp-content\/uploads\/2022\/09\/Asset-4-18x1.png 18w, https:\/\/ecovent.com.mk\/wp-content\/uploads\/2022\/09\/Asset-4-600x29.png 600w\" sizes=\"(max-width: 8001px) 100vw, 8001px\" \/>\t\t\t\t\t\t\t\t\t\t\t\t\t\t\t<\/div>\n\t\t\t\t<\/div>\n\t\t\t\t\t<\/div>\n\t\t<\/div>\n\t\t\t\t\t<\/div>\n\t\t<\/section>\n\t\t\t\t<section class=\"elementor-section elementor-top-section elementor-element elementor-element-dee9c52 elementor-section-boxed elementor-section-height-default elementor-section-height-default\" data-id=\"dee9c52\" data-element_type=\"section\" data-e-type=\"section\">\n\t\t\t\t\t\t<div class=\"elementor-container elementor-column-gap-default\">\n\t\t\t\t\t<div class=\"elementor-column elementor-col-100 elementor-top-column elementor-element elementor-element-4d663bf\" data-id=\"4d663bf\" data-element_type=\"column\" data-e-type=\"column\">\n\t\t\t<div class=\"elementor-widget-wrap elementor-element-populated\">\n\t\t\t\t\t\t<section class=\"elementor-section elementor-inner-section elementor-element elementor-element-bd84d4b elementor-section-boxed elementor-section-height-default elementor-section-height-default\" data-id=\"bd84d4b\" data-element_type=\"section\" data-e-type=\"section\">\n\t\t\t\t\t\t<div class=\"elementor-container elementor-column-gap-default\">\n\t\t\t\t\t<div class=\"elementor-column elementor-col-50 elementor-inner-column elementor-element elementor-element-670c2ae\" data-id=\"670c2ae\" data-element_type=\"column\" data-e-type=\"column\">\n\t\t\t<div class=\"elementor-widget-wrap elementor-element-populated\">\n\t\t\t\t\t\t<div class=\"elementor-element elementor-element-ef2aea5 elementor-widget elementor-widget-image\" data-id=\"ef2aea5\" data-element_type=\"widget\" data-e-type=\"widget\" data-widget_type=\"image.default\">\n\t\t\t\t<div class=\"elementor-widget-container\">\n\t\t\t\t\t\t\t\t\t\t\t\t\t\t\t<img decoding=\"async\" width=\"300\" height=\"63\" src=\"https:\/\/ecovent.com.mk\/wp-content\/uploads\/2022\/08\/Asset-3@300x-1-300x63.png\" class=\"attachment-medium size-medium wp-image-2349\" alt=\"\" srcset=\"https:\/\/ecovent.com.mk\/wp-content\/uploads\/2022\/08\/Asset-3@300x-1-300x63.png 300w, https:\/\/ecovent.com.mk\/wp-content\/uploads\/2022\/08\/Asset-3@300x-1-1024x214.png 1024w, https:\/\/ecovent.com.mk\/wp-content\/uploads\/2022\/08\/Asset-3@300x-1-768x161.png 768w, https:\/\/ecovent.com.mk\/wp-content\/uploads\/2022\/08\/Asset-3@300x-1-600x126.png 600w, https:\/\/ecovent.com.mk\/wp-content\/uploads\/2022\/08\/Asset-3@300x-1.png 1313w\" sizes=\"(max-width: 300px) 100vw, 300px\" \/>\t\t\t\t\t\t\t\t\t\t\t\t\t\t\t<\/div>\n\t\t\t\t<\/div>\n\t\t\t\t\t<\/div>\n\t\t<\/div>\n\t\t\t\t<div class=\"elementor-column elementor-col-50 elementor-inner-column elementor-element elementor-element-6ca93d6\" data-id=\"6ca93d6\" data-element_type=\"column\" data-e-type=\"column\">\n\t\t\t<div class=\"elementor-widget-wrap elementor-element-populated\">\n\t\t\t\t\t\t<div class=\"elementor-element elementor-element-ae2d3a9 elementor-widget elementor-widget-text-editor\" data-id=\"ae2d3a9\" data-element_type=\"widget\" data-e-type=\"widget\" data-widget_type=\"text-editor.default\">\n\t\t\t\t<div class=\"elementor-widget-container\">\n\t\t\t\t\t\t\t\t\t<p>Daikin Industries, Ltd. \u00ebsht\u00eb nj\u00eb kompani shum\u00ebkomb\u00ebshe japoneze e prodhimit t\u00eb ajrit t\u00eb kondicionuar me seli n\u00eb Osaka. Ajo operon n\u00eb Japoni, Kin\u00eb, Australi, Indi, Filipine, Azin\u00eb Juglindore, Evrop\u00eb, Amerik\u00ebn e Veriut dhe Amerik\u00ebn e Jugut. Ne, n\u00eb Daikin, besojm\u00eb fuqish\u00ebm n\u00eb filozofin\u00eb e klientit. Me zgjidhjet e klasit bot\u00ebror t\u00eb ajrit t\u00eb kondicionuar, dizajnet dhe teknologjit\u00eb inovative, ne jemi t\u00eb p\u00ebrkushtuar t\u00eb vendosim nj\u00eb standard t\u00eb ri p\u00ebr industrin\u00eb e HVAC<\/p>\t\t\t\t\t\t\t\t<\/div>\n\t\t\t\t<\/div>\n\t\t\t\t\t<\/div>\n\t\t<\/div>\n\t\t\t\t\t<\/div>\n\t\t<\/section>\n\t\t\t\t<section class=\"elementor-section elementor-inner-section elementor-element elementor-element-8b12a5e elementor-section-boxed elementor-section-height-default elementor-section-height-default\" data-id=\"8b12a5e\" data-element_type=\"section\" data-e-type=\"section\">\n\t\t\t\t\t\t<div class=\"elementor-container elementor-column-gap-default\">\n\t\t\t\t\t<div class=\"elementor-column elementor-col-50 elementor-inner-column elementor-element elementor-element-b41cde3\" data-id=\"b41cde3\" data-element_type=\"column\" data-e-type=\"column\">\n\t\t\t<div class=\"elementor-widget-wrap elementor-element-populated\">\n\t\t\t\t\t\t<div class=\"elementor-element elementor-element-401a2cf elementor-widget elementor-widget-image\" data-id=\"401a2cf\" data-element_type=\"widget\" data-e-type=\"widget\" data-widget_type=\"image.default\">\n\t\t\t\t<div class=\"elementor-widget-container\">\n\t\t\t\t\t\t\t\t\t\t\t\t\t\t\t<img decoding=\"async\" width=\"300\" height=\"71\" src=\"https:\/\/ecovent.com.mk\/wp-content\/uploads\/2022\/08\/Asset-4@300x-1-300x71.png\" class=\"attachment-medium size-medium wp-image-2350\" alt=\"\" srcset=\"https:\/\/ecovent.com.mk\/wp-content\/uploads\/2022\/08\/Asset-4@300x-1-300x71.png 300w, https:\/\/ecovent.com.mk\/wp-content\/uploads\/2022\/08\/Asset-4@300x-1-1024x241.png 1024w, https:\/\/ecovent.com.mk\/wp-content\/uploads\/2022\/08\/Asset-4@300x-1-768x181.png 768w, https:\/\/ecovent.com.mk\/wp-content\/uploads\/2022\/08\/Asset-4@300x-1-600x141.png 600w, https:\/\/ecovent.com.mk\/wp-content\/uploads\/2022\/08\/Asset-4@300x-1.png 1301w\" sizes=\"(max-width: 300px) 100vw, 300px\" \/>\t\t\t\t\t\t\t\t\t\t\t\t\t\t\t<\/div>\n\t\t\t\t<\/div>\n\t\t\t\t\t<\/div>\n\t\t<\/div>\n\t\t\t\t<div class=\"elementor-column elementor-col-50 elementor-inner-column elementor-element elementor-element-57ffd14\" data-id=\"57ffd14\" data-element_type=\"column\" data-e-type=\"column\">\n\t\t\t<div class=\"elementor-widget-wrap elementor-element-populated\">\n\t\t\t\t\t\t<div class=\"elementor-element elementor-element-d4bb218 elementor-widget elementor-widget-text-editor\" data-id=\"d4bb218\" data-element_type=\"widget\" data-e-type=\"widget\" data-widget_type=\"text-editor.default\">\n\t\t\t\t<div class=\"elementor-widget-container\">\n\t\t\t\t\t\t\t\t\t<p>BAH\u00c7IVAN, duke sjell\u00eb mbi nj\u00eb milion fansa n\u00eb shkall\u00eb t\u00eb ndryshme t\u00eb prodhuara prej 25 vitesh s\u00eb bashku me mij\u00ebra institucione nga 65 vende t\u00eb bot\u00ebs n\u00eb fusha t\u00eb ndryshme aplikimi, kryen t\u00eb gjitha aktivitetet e Dizajnit, Prodhimit dhe K\u00ebrkimit dhe Zhvillimit brenda fush\u00ebs s\u00eb vet. U nis\u00ebm me sloganin \u2018P\u00ebr frym\u00eb t\u00eb nj\u00eb ajri t\u00eb past\u00ebr\u2019; ne po punojm\u00eb m\u00eb tej p\u00ebr m\u00eb shum\u00eb shkatht\u00ebsi, m\u00eb shum\u00eb rehati dhe t\u00eb ardhme.<\/p>\t\t\t\t\t\t\t\t<\/div>\n\t\t\t\t<\/div>\n\t\t\t\t\t<\/div>\n\t\t<\/div>\n\t\t\t\t\t<\/div>\n\t\t<\/section>\n\t\t\t\t<section class=\"elementor-section elementor-inner-section elementor-element elementor-element-50cc2a4 elementor-section-boxed elementor-section-height-default elementor-section-height-default\" data-id=\"50cc2a4\" data-element_type=\"section\" data-e-type=\"section\">\n\t\t\t\t\t\t<div class=\"elementor-container elementor-column-gap-default\">\n\t\t\t\t\t<div class=\"elementor-column elementor-col-50 elementor-inner-column elementor-element elementor-element-6d3093a\" data-id=\"6d3093a\" data-element_type=\"column\" data-e-type=\"column\">\n\t\t\t<div class=\"elementor-widget-wrap elementor-element-populated\">\n\t\t\t\t\t\t<div class=\"elementor-element elementor-element-04823c7 elementor-widget elementor-widget-image\" data-id=\"04823c7\" data-element_type=\"widget\" data-e-type=\"widget\" data-widget_type=\"image.default\">\n\t\t\t\t<div class=\"elementor-widget-container\">\n\t\t\t\t\t\t\t\t\t\t\t\t\t\t\t<img loading=\"lazy\" decoding=\"async\" width=\"300\" height=\"47\" src=\"https:\/\/ecovent.com.mk\/wp-content\/uploads\/2022\/08\/Asset-6@300x-300x47.png\" class=\"attachment-medium size-medium wp-image-2352\" alt=\"\" srcset=\"https:\/\/ecovent.com.mk\/wp-content\/uploads\/2022\/08\/Asset-6@300x-300x47.png 300w, https:\/\/ecovent.com.mk\/wp-content\/uploads\/2022\/08\/Asset-6@300x-1024x162.png 1024w, https:\/\/ecovent.com.mk\/wp-content\/uploads\/2022\/08\/Asset-6@300x-768x121.png 768w, https:\/\/ecovent.com.mk\/wp-content\/uploads\/2022\/08\/Asset-6@300x-600x95.png 600w, https:\/\/ecovent.com.mk\/wp-content\/uploads\/2022\/08\/Asset-6@300x.png 1303w\" sizes=\"(max-width: 300px) 100vw, 300px\" \/>\t\t\t\t\t\t\t\t\t\t\t\t\t\t\t<\/div>\n\t\t\t\t<\/div>\n\t\t\t\t\t<\/div>\n\t\t<\/div>\n\t\t\t\t<div class=\"elementor-column elementor-col-50 elementor-inner-column elementor-element elementor-element-026b34d\" data-id=\"026b34d\" data-element_type=\"column\" data-e-type=\"column\">\n\t\t\t<div class=\"elementor-widget-wrap elementor-element-populated\">\n\t\t\t\t\t\t<div class=\"elementor-element elementor-element-d8e1edb elementor-widget elementor-widget-text-editor\" data-id=\"d8e1edb\" data-element_type=\"widget\" data-e-type=\"widget\" data-widget_type=\"text-editor.default\">\n\t\t\t\t<div class=\"elementor-widget-container\">\n\t\t\t\t\t\t\t\t\t<p>Siemens AG \u00ebsht\u00eb nj\u00eb korporat\u00eb konglomerate shum\u00ebkomb\u00ebshe gjermane dhe kompania m\u00eb e madhe prodhuese industriale n\u00eb Evrop\u00eb me seli n\u00eb Mynih me deg\u00eb jasht\u00eb vendit.<\/p>\t\t\t\t\t\t\t\t<\/div>\n\t\t\t\t<\/div>\n\t\t\t\t\t<\/div>\n\t\t<\/div>\n\t\t\t\t\t<\/div>\n\t\t<\/section>\n\t\t\t\t<section class=\"elementor-section elementor-inner-section elementor-element elementor-element-b9bb612 elementor-section-boxed elementor-section-height-default elementor-section-height-default\" data-id=\"b9bb612\" data-element_type=\"section\" data-e-type=\"section\">\n\t\t\t\t\t\t<div class=\"elementor-container elementor-column-gap-default\">\n\t\t\t\t\t<div class=\"elementor-column elementor-col-50 elementor-inner-column elementor-element elementor-element-ff6c6e0\" data-id=\"ff6c6e0\" data-element_type=\"column\" data-e-type=\"column\">\n\t\t\t<div class=\"elementor-widget-wrap elementor-element-populated\">\n\t\t\t\t\t\t<div class=\"elementor-element elementor-element-0596288 elementor-widget elementor-widget-image\" data-id=\"0596288\" data-element_type=\"widget\" data-e-type=\"widget\" data-widget_type=\"image.default\">\n\t\t\t\t<div class=\"elementor-widget-container\">\n\t\t\t\t\t\t\t\t\t\t\t\t\t\t\t<img loading=\"lazy\" decoding=\"async\" width=\"300\" height=\"104\" src=\"https:\/\/ecovent.com.mk\/wp-content\/uploads\/2022\/08\/Asset-5@300x-1-300x104.png\" class=\"attachment-medium size-medium wp-image-2351\" alt=\"\" srcset=\"https:\/\/ecovent.com.mk\/wp-content\/uploads\/2022\/08\/Asset-5@300x-1-300x104.png 300w, https:\/\/ecovent.com.mk\/wp-content\/uploads\/2022\/08\/Asset-5@300x-1-1024x354.png 1024w, https:\/\/ecovent.com.mk\/wp-content\/uploads\/2022\/08\/Asset-5@300x-1-768x266.png 768w, https:\/\/ecovent.com.mk\/wp-content\/uploads\/2022\/08\/Asset-5@300x-1-600x208.png 600w, https:\/\/ecovent.com.mk\/wp-content\/uploads\/2022\/08\/Asset-5@300x-1.png 1321w\" sizes=\"(max-width: 300px) 100vw, 300px\" \/>\t\t\t\t\t\t\t\t\t\t\t\t\t\t\t<\/div>\n\t\t\t\t<\/div>\n\t\t\t\t\t<\/div>\n\t\t<\/div>\n\t\t\t\t<div class=\"elementor-column elementor-col-50 elementor-inner-column elementor-element elementor-element-00ccfff\" data-id=\"00ccfff\" data-element_type=\"column\" data-e-type=\"column\">\n\t\t\t<div class=\"elementor-widget-wrap elementor-element-populated\">\n\t\t\t\t\t\t<div class=\"elementor-element elementor-element-9b45fd3 elementor-widget elementor-widget-text-editor\" data-id=\"9b45fd3\" data-element_type=\"widget\" data-e-type=\"widget\" data-widget_type=\"text-editor.default\">\n\t\t\t\t<div class=\"elementor-widget-container\">\n\t\t\t\t\t\t\t\t\t<p>\u00dcntes u themelua n\u00eb vitin 1968, dhe \u00ebsht\u00eb prodhuesi dhe furnizuesi m\u00eb i madh vendor i AC n\u00eb Turqi. Me p\u00ebrvoj\u00eb 48 vje\u00e7are n\u00eb HVAC, \u00dcntes \u00ebsht\u00eb nj\u00eb nga kompanit\u00eb lider n\u00eb sektorin e HVAC sot me rritjen e saj t\u00eb q\u00ebndrueshme.<\/p>\t\t\t\t\t\t\t\t<\/div>\n\t\t\t\t<\/div>\n\t\t\t\t\t<\/div>\n\t\t<\/div>\n\t\t\t\t\t<\/div>\n\t\t<\/section>\n\t\t\t\t<section class=\"elementor-section elementor-inner-section elementor-element elementor-element-c0f19b7 elementor-section-boxed elementor-section-height-default elementor-section-height-default\" data-id=\"c0f19b7\" data-element_type=\"section\" data-e-type=\"section\">\n\t\t\t\t\t\t<div class=\"elementor-container elementor-column-gap-default\">\n\t\t\t\t\t<div class=\"elementor-column elementor-col-50 elementor-inner-column elementor-element elementor-element-8c5e4bc\" data-id=\"8c5e4bc\" data-element_type=\"column\" data-e-type=\"column\">\n\t\t\t<div class=\"elementor-widget-wrap elementor-element-populated\">\n\t\t\t\t\t\t<div class=\"elementor-element elementor-element-0f79ae8 elementor-widget elementor-widget-image\" data-id=\"0f79ae8\" data-element_type=\"widget\" data-e-type=\"widget\" data-widget_type=\"image.default\">\n\t\t\t\t<div class=\"elementor-widget-container\">\n\t\t\t\t\t\t\t\t\t\t\t\t\t\t\t<img loading=\"lazy\" decoding=\"async\" width=\"300\" height=\"116\" src=\"https:\/\/ecovent.com.mk\/wp-content\/uploads\/2022\/08\/Asset-8@300x-300x116.png\" class=\"attachment-medium size-medium wp-image-2353\" alt=\"\" srcset=\"https:\/\/ecovent.com.mk\/wp-content\/uploads\/2022\/08\/Asset-8@300x-300x116.png 300w, https:\/\/ecovent.com.mk\/wp-content\/uploads\/2022\/08\/Asset-8@300x-1024x395.png 1024w, https:\/\/ecovent.com.mk\/wp-content\/uploads\/2022\/08\/Asset-8@300x-768x296.png 768w, https:\/\/ecovent.com.mk\/wp-content\/uploads\/2022\/08\/Asset-8@300x-600x231.png 600w, https:\/\/ecovent.com.mk\/wp-content\/uploads\/2022\/08\/Asset-8@300x.png 1299w\" sizes=\"(max-width: 300px) 100vw, 300px\" \/>\t\t\t\t\t\t\t\t\t\t\t\t\t\t\t<\/div>\n\t\t\t\t<\/div>\n\t\t\t\t\t<\/div>\n\t\t<\/div>\n\t\t\t\t<div class=\"elementor-column elementor-col-50 elementor-inner-column elementor-element elementor-element-da92a2b\" data-id=\"da92a2b\" data-element_type=\"column\" data-e-type=\"column\">\n\t\t\t<div class=\"elementor-widget-wrap elementor-element-populated\">\n\t\t\t\t\t\t<div class=\"elementor-element elementor-element-6962d17 elementor-widget elementor-widget-text-editor\" data-id=\"6962d17\" data-element_type=\"widget\" data-e-type=\"widget\" data-settings=\"{&quot;_animation_mobile&quot;:&quot;none&quot;}\" data-widget_type=\"text-editor.default\">\n\t\t\t\t<div class=\"elementor-widget-container\">\n\t\t\t\t\t\t\t\t\t<p>BELIMO Holding AG, nj\u00eb grup nd\u00ebrkomb\u00ebtar kompanish, \u00ebsht\u00eb i vendosur n\u00eb Hinwil, Zvic\u00ebr. Kompania zhvillon, prodhon dhe tregton aktivizues p\u00ebr kontrollin e sistemeve t\u00eb ngrohjes, ventilimit dhe klimatizimit.<\/p>\t\t\t\t\t\t\t\t<\/div>\n\t\t\t\t<\/div>\n\t\t\t\t\t<\/div>\n\t\t<\/div>\n\t\t\t\t\t<\/div>\n\t\t<\/section>\n\t\t\t\t\t<\/div>\n\t\t<\/div>\n\t\t\t\t\t<\/div>\n\t\t<\/section>\n\t\t\t\t<section class=\"elementor-section elementor-top-section elementor-element elementor-element-ef8f6a7 ct-section-stretched elementor-section-full_width elementor-section-height-default elementor-section-height-default\" data-id=\"ef8f6a7\" data-element_type=\"section\" data-e-type=\"section\">\n\t\t\t\t\t\t<div class=\"elementor-container elementor-column-gap-default\">\n\t\t\t\t\t<div class=\"elementor-column elementor-col-100 elementor-top-column elementor-element elementor-element-3d9f1df\" data-id=\"3d9f1df\" data-element_type=\"column\" data-e-type=\"column\">\n\t\t\t<div class=\"elementor-widget-wrap elementor-element-populated\">\n\t\t\t\t\t\t<div class=\"elementor-element elementor-element-7767374 elementor-widget elementor-widget-image\" data-id=\"7767374\" data-element_type=\"widget\" data-e-type=\"widget\" data-widget_type=\"image.default\">\n\t\t\t\t<div class=\"elementor-widget-container\">\n\t\t\t\t\t\t\t\t\t\t\t\t\t\t\t<img loading=\"lazy\" decoding=\"async\" width=\"1920\" height=\"147\" src=\"https:\/\/ecovent.com.mk\/wp-content\/uploads\/2022\/08\/full-hd-footer-logo-Eco-Vent-2022.png\" class=\"attachment-full size-full wp-image-2436\" alt=\"\" srcset=\"https:\/\/ecovent.com.mk\/wp-content\/uploads\/2022\/08\/full-hd-footer-logo-Eco-Vent-2022.png 1920w, https:\/\/ecovent.com.mk\/wp-content\/uploads\/2022\/08\/full-hd-footer-logo-Eco-Vent-2022-300x23.png 300w, https:\/\/ecovent.com.mk\/wp-content\/uploads\/2022\/08\/full-hd-footer-logo-Eco-Vent-2022-1024x78.png 1024w, https:\/\/ecovent.com.mk\/wp-content\/uploads\/2022\/08\/full-hd-footer-logo-Eco-Vent-2022-768x59.png 768w, https:\/\/ecovent.com.mk\/wp-content\/uploads\/2022\/08\/full-hd-footer-logo-Eco-Vent-2022-1536x118.png 1536w, https:\/\/ecovent.com.mk\/wp-content\/uploads\/2022\/08\/full-hd-footer-logo-Eco-Vent-2022-600x46.png 600w\" sizes=\"(max-width: 1920px) 100vw, 1920px\" \/>\t\t\t\t\t\t\t\t\t\t\t\t\t\t\t<\/div>\n\t\t\t\t<\/div>\n\t\t\t\t\t<\/div>\n\t\t<\/div>\n\t\t\t\t\t<\/div>\n\t\t<\/section>\n\t\t\t\t<\/div>","protected":false},"excerpt":{"rendered":"<p>Daikin Industries, Ltd. is a Japanese multinational air conditioning manufacturing company headquartered in Osaka. It has operations in Japan, China, Australia, India, Philippines, Southeast Asia, Europe, North America, and South America. We, at Daikin, firmly believe in customer philosophy. With world-class air conditioning solutions, innovative designs and technologies, we are committed to setting a new [&hellip;]<\/p>\n","protected":false},"author":1,"featured_media":0,"parent":0,"menu_order":0,"comment_status":"closed","ping_status":"closed","template":"elementor_header_footer","meta":{"footnotes":""},"class_list":["post-2330","page","type-page","status-publish","hentry"],"blocksy_meta":{"styles_descriptor":{"styles":{"desktop":"","tablet":"","mobile":""},"google_fonts":[],"version":6}},"_links":{"self":[{"href":"https:\/\/ecovent.com.mk\/sq\/wp-json\/wp\/v2\/pages\/2330","targetHints":{"allow":["GET"]}}],"collection":[{"href":"https:\/\/ecovent.com.mk\/sq\/wp-json\/wp\/v2\/pages"}],"about":[{"href":"https:\/\/ecovent.com.mk\/sq\/wp-json\/wp\/v2\/types\/page"}],"author":[{"embeddable":true,"href":"https:\/\/ecovent.com.mk\/sq\/wp-json\/wp\/v2\/users\/1"}],"replies":[{"embeddable":true,"href":"https:\/\/ecovent.com.mk\/sq\/wp-json\/wp\/v2\/comments?post=2330"}],"version-history":[{"count":5,"href":"https:\/\/ecovent.com.mk\/sq\/wp-json\/wp\/v2\/pages\/2330\/revisions"}],"predecessor-version":[{"id":6899,"href":"https:\/\/ecovent.com.mk\/sq\/wp-json\/wp\/v2\/pages\/2330\/revisions\/6899"}],"wp:attachment":[{"href":"https:\/\/ecovent.com.mk\/sq\/wp-json\/wp\/v2\/media?parent=2330"}],"curies":[{"name":"wp","href":"https:\/\/api.w.org\/{rel}","templated":true}]}}